{"id":65,"date":"2023-08-18T20:55:34","date_gmt":"2023-08-18T20:55:34","guid":{"rendered":"https:\/\/srs-simcenter.de\/?page_id=65"},"modified":"2023-08-18T21:03:14","modified_gmt":"2023-08-18T21:03:14","slug":"test-neue-seite","status":"publish","type":"page","link":"https:\/\/sim-racing-center.de\/index.php\/test-neue-seite\/","title":{"rendered":"Test-Neue-Seite"},"content":{"rendered":"<!--[overlay]--><style>\n.bd-textureoverlay-670259007:before{background-color:#000000;opacity:0.75;}<\/style><!--{content}-->    <!--[section]-->\n\t\t<style>\n.bd-section-1983110651{background-color:#333333;background-image:url(https:\/\/sim-racing-center.de\/wp-content\/uploads\/2023\/08\/451b4614b6106d62784c04d95de17de6_h.jpg);background-repeat:repeat;background-attachment:scroll;background-position:center center;padding-top:2em;padding-bottom:4em;}\n.bd-section-1983110651{\n\tline-height:  32px;\n\ttext-align:  center;\n\tcolor:  #ffffff;\n\tfont-size:  16px;\n}\n.bd-section-1983110651 a{\n\tcolor:  #ffffff;\n}\n.bd-section-1983110651 a:hover{\n\tcolor:  #f86659;\n}\n.bd-section-1983110651 h2{\n\tline-height:  36px;\n\tfont-size:  24px;\n\tletter-spacing:  1px;\n\tfont-weight:  400;\n\tfont-style:  normal;\n\tcolor:  #ffffff;\n\ttext-transform:  uppercase;\n}\n.bd-section-1983110651 h1{\n\tline-height:  72px;\n\tfont-weight:  500;\n\tfont-size:  48px;\n\ttext-transform:  uppercase;\n\tletter-spacing:  1px;\n\tcolor:  #f86659;\n}\n<\/style>\t\t<section id=section4 class=\" bd-section-1983110651 bd-tagstyles bd-textureoverlay  bd-textureoverlay-670259007 \" data-section-title=\"Six Columns With Header\">\n\t\t\t<div class=\"bd-container-inner bd-margins clearfix\">\n\t\t\t\t<!--{content}-->\n\t\t\t\t\t    <!--[columns]-->\n        <style>\n.bd-layoutcontainer-417020543 > .bd-container-inner > .container-fluid > .row{height:calc(100% + 20px);margin:-10px;}\n.bd-layoutcontainer-417020543 > .bd-container-inner > .container-fluid > .row > div{padding:10px;}\n.bd-layoutcontainer-417020543  > .bd-container-inner > .container-fluid:after{display:none;}<\/style><style>\n.bd-layoutcontainer-417020543 > .bd-container-inner > .container-fluid, .bd-layoutcontainer-417020543 > .bd-container-inner > .container-fluid > .row{height:100%;}<\/style><style>.bd-layoutcontainer-417020543 > .bd-container-inner > .container-fluid {padding-left: 0; padding-right: 0;}<\/style>        <style>\n.bd-layoutcolumn-1282497549{padding-bottom:1em;}\n\n.bd-layoutcolumn-330829803{background-color:rgba(0, 0, 0, 0.5);padding:2em;border:2px solid rgba(221, 221, 221, 0.37);}\n@media (max-width: 767px) {.bd-layoutcolumn-330829803{padding:10px;}}\n\n.bd-layoutcolumn-1347620324{background-color:rgba(0, 0, 0, 0.5);padding:2em;border:2px solid rgba(221, 221, 221, 0.37);}\n@media (max-width: 767px) {.bd-layoutcolumn-1347620324{padding:10px;}}\n\n.bd-layoutcolumn-1645349312{background-color:rgba(0, 0, 0, 0.5);padding:2em;border:2px solid rgba(221, 221, 221, 0.37);}\n@media (max-width: 767px) {.bd-layoutcolumn-1645349312{padding:10px;}}\n\n.bd-layoutcolumn-471219629{background-color:rgba(0, 0, 0, 0.5);padding:2em;border:2px solid rgba(221, 221, 221, 0.37);}\n@media (max-width: 767px) {.bd-layoutcolumn-471219629{padding:10px;}}\n\n.bd-layoutcolumn-2138851987{background-color:rgba(0, 0, 0, 0.5);padding:2em;border:2px solid rgba(221, 221, 221, 0.37);}\n@media (max-width: 767px) {.bd-layoutcolumn-2138851987{padding:10px;}}\n\n.bd-layoutcolumn-1400332686{background-color:rgba(0, 0, 0, 0.5);padding:2em;border:2px solid rgba(221, 221, 221, 0.37);}\n@media (max-width: 767px) {.bd-layoutcolumn-1400332686{padding:10px;}}<\/style>        <div class=\" bd-layoutcontainer-417020543  bd-columns bd-no-margins\">\n            <div class=\"bd-container-inner\">\n                <div class=\"container-fluid\">\n                    <div class=\"row bd-row-flex bd-row-align-top\">\n                        <!--{content}-->\n                                <!--[column]-->\n        <div class=\"col-xs-12 bd-columnwrapper-1282497549\">\n            <div class=\"bd-column  bd-layoutcolumn-1282497549 \">\n                <div class=\"bd-vertical-align-wrapper\">\n                    <!--{content}-->\n                            <!--[text]-->\n                <h1 class=\" additional-class-1219332128  bd-content-element\">\n            <!--{content}-->\n                What We Do<br>            <!--{\/content}-->\n        <\/h1>\n    <!--[\/text]-->\n                    <!--{\/content}-->\n                <\/div>\n            <\/div>\n        <\/div>\n    <!--[\/column]-->\n\n\t\n\t\t<!--[background_width]--><!--{content}-->    <!--[column]-->\n        <div class=\"col-md-4 col-sm-6 bd-columnwrapper-330829803\">\n            <div class=\"bd-column  bd-layoutcolumn-330829803 bd-background-width \">\n                <div class=\"bd-vertical-align-wrapper\">\n                    <!--{content}-->\n                            <!--[image_scaling]-->\n        <style>\n.bd-imagescaling-1207539705.bd-imagescaling-img, .bd-imagescaling-1207539705 .bd-imagescaling-img{background-position:center center;background-repeat:no-repeat;background-size:cover;}<\/style>        <!--{content}-->\n            <!--[image]--><style>\n.additional-class-411583880{width:85px;display:inline-block;}<\/style><img decoding=\"async\" src=\"https:\/\/sim-racing-center.de\/wp-content\/uploads\/2023\/08\/c06ebdb358ee5b7727097d79b0457812_CHECKLIST.png\" class=\" additional-class-411583880 bd-imagestyles-21 bd-own-margins bd-imagescaling  bd-imagescaling-1207539705 \"><!--{content}--><!--{\/content}--><!--[\/image]-->        <!--{\/content}-->\n    <!--[\/image_scaling]-->\n\n\t\n\t\t    <!--[text]-->\n        <style>\n.additional-class-1837709579{margin-bottom:0px;}<\/style>        <h2 class=\" additional-class-1837709579  bd-content-element\">\n            <!--{content}-->\n                <a href=\"#\">ONLINE SHOP<\/a>            <!--{\/content}-->\n        <\/h2>\n    <!--[\/text]-->\n\n\t\n\t\t\n    <!--[spacer]-->\n    <style>\n.bd-spacer-438779245{height:1em;}<\/style>    <div class=\" bd-spacer-438779245  clearfix\">\n        <!--{content}--><!--{\/content}-->\n    <\/div>\n    <!--[\/spacer]-->\n\n    \n\t\n\t\t    <!--[text]-->\n        <style>\n.additional-class-2018830342{margin-top:0px;}<\/style>        <p class=\" additional-class-2018830342  bd-content-element\">\n            <!--{content}-->\n                Unser SimRaceShop ist 24\/7 f\u00fcr dich Online ge\u00f6ffnet. Alle bestellbaren Artikel sind auf Lager und k\u00f6nnen wahlweise per DHL zur dir nachhause geliefert, oder bei uns vor Ort abgeholt werden.            <!--{\/content}-->\n        <\/p>\n    <!--[\/text]-->\n                    <!--{\/content}-->\n                <\/div>\n            <\/div>\n        <\/div>\n    <!--[\/column]-->\n<!--{\/content}--><!--[\/background_width]-->\n\t\n\t\t    <!--[column]-->\n        <div class=\"col-md-4 col-sm-6 bd-columnwrapper-1347620324\">\n            <div class=\"bd-column  bd-layoutcolumn-1347620324 \">\n                <div class=\"bd-vertical-align-wrapper\">\n                    <!--{content}-->\n                            <!--[image_scaling]-->\n        <style>\n.bd-imagescaling-521783316.bd-imagescaling-img, .bd-imagescaling-521783316 .bd-imagescaling-img{background-position:center center;background-repeat:no-repeat;background-size:cover;}<\/style>        <!--{content}-->\n            <!--[image]--><style>\n.additional-class-1305838141{width:85px;display:inline-block;}<\/style><img decoding=\"async\" src=\"https:\/\/sim-racing-center.de\/wp-content\/uploads\/2023\/08\/b9614e3e59ab3662c8cc6ce67e9cd04c_GARAGE.png\" class=\" additional-class-1305838141 bd-imagestyles-28 bd-own-margins bd-imagescaling  bd-imagescaling-521783316 \"><!--{content}--><!--{\/content}--><!--[\/image]-->        <!--{\/content}-->\n    <!--[\/image_scaling]-->\n\n\t\n\t\t    <!--[text]-->\n        <style>\n.additional-class-1135766564{margin-bottom:0px;}<\/style>        <h2 class=\" additional-class-1135766564  bd-content-element\">\n            <!--{content}-->\n                Offline Shop            <!--{\/content}-->\n        <\/h2>\n    <!--[\/text]-->\n\n\t\n\t\t\n    <!--[spacer]-->\n    <style>\n.bd-spacer-745101552{height:1em;}<\/style>    <div class=\" bd-spacer-745101552  clearfix\">\n        <!--{content}--><!--{\/content}-->\n    <\/div>\n    <!--[\/spacer]-->\n\n    \n\t\n\t\t    <!--[text]-->\n                <p class=\" additional-class-1664317995  bd-content-element\">\n            <!--{content}-->\n                SimRacing Offline-Store, der klassische Laden wenn man es so sagen m\u00f6chte. Hier kannst zu w\u00e4hrend unserer \u00d6ffnungszeiten st\u00f6bern und direkt kaufen.            <!--{\/content}-->\n        <\/p>\n    <!--[\/text]-->\n                    <!--{\/content}-->\n                <\/div>\n            <\/div>\n        <\/div>\n    <!--[\/column]-->\n\n\t\n\t\t    <!--[column]-->\n        <div class=\"col-md-4 col-sm-6 bd-columnwrapper-1645349312\">\n            <div class=\"bd-column  bd-layoutcolumn-1645349312 \">\n                <div class=\"bd-vertical-align-wrapper\">\n                    <!--{content}-->\n                            <!--[image_scaling]-->\n        <style>\n.bd-imagescaling-2056617147.bd-imagescaling-img, .bd-imagescaling-2056617147 .bd-imagescaling-img{background-position:center center;background-repeat:no-repeat;background-size:cover;}<\/style>        <!--{content}-->\n            <!--[image]--><style>\n.additional-class-655814890{width:78px;display:inline-block;}<\/style><img decoding=\"async\" src=\"https:\/\/sim-racing-center.de\/wp-content\/uploads\/2023\/08\/f9a1f3d32fc36d9bf6c740ec7f8e2590_SHOCKBREAKER.png\" class=\" additional-class-655814890 bd-imagestyles-29 bd-own-margins bd-imagescaling  bd-imagescaling-2056617147 \"><!--{content}--><!--{\/content}--><!--[\/image]-->        <!--{\/content}-->\n    <!--[\/image_scaling]-->\n\n\t\n\t\t    <!--[text]-->\n        <style>\n.additional-class-1083076271{margin-bottom:0px;}<\/style>        <h2 class=\" additional-class-1083076271  bd-content-element\">\n            <!--{content}-->\n                Ausstellung            <!--{\/content}-->\n        <\/h2>\n    <!--[\/text]-->\n\n\t\n\t\t\n    <!--[spacer]-->\n    <style>\n.bd-spacer-778743915{height:1em;}<\/style>    <div class=\" bd-spacer-778743915  clearfix\">\n        <!--{content}--><!--{\/content}-->\n    <\/div>\n    <!--[\/spacer]-->\n\n    \n\t\n\t\t    <!--[text]-->\n                <p class=\" additional-class-1294934966  bd-content-element\">\n            <!--{content}-->\n                Unsere Ausstellung von SimRacing Hardware wie Lenkr\u00e4der, Pedale, Simulatoren, Dashboards und weiterem Zubeh\u00f6r. Anfassen erlaubt \ud83d\ude42            <!--{\/content}-->\n        <\/p>\n    <!--[\/text]-->\n                    <!--{\/content}-->\n                <\/div>\n            <\/div>\n        <\/div>\n    <!--[\/column]-->\n\n\t\n\t\t    <!--[column]-->\n        <div class=\"col-md-4 col-sm-6 bd-columnwrapper-471219629\">\n            <div class=\"bd-column  bd-layoutcolumn-471219629 \">\n                <div class=\"bd-vertical-align-wrapper\">\n                    <!--{content}-->\n                            <!--[image_scaling]-->\n        <style>\n.bd-imagescaling-1355111703.bd-imagescaling-img, .bd-imagescaling-1355111703 .bd-imagescaling-img{background-position:center center;background-repeat:no-repeat;background-size:cover;}<\/style>        <!--{content}-->\n            <!--[image]--><style>\n.additional-class-1999751626{width:85px;display:inline-block;}<\/style><img decoding=\"async\" src=\"https:\/\/sim-racing-center.de\/wp-content\/uploads\/2023\/08\/66eff74ac8d737dca7b0bf6bfec2a7e3_qw2.png\" class=\" additional-class-1999751626 bd-imagestyles-30 bd-own-margins bd-imagescaling  bd-imagescaling-1355111703 \"><!--{content}--><!--{\/content}--><!--[\/image]-->        <!--{\/content}-->\n    <!--[\/image_scaling]-->\n\n\t\n\t\t    <!--[text]-->\n        <style>\n.additional-class-1590040241{margin-bottom:0px;}<\/style>        <h2 class=\" additional-class-1590040241  bd-content-element\">\n            <!--{content}-->\n                <a href=\"#\">Investment<\/a>            <!--{\/content}-->\n        <\/h2>\n    <!--[\/text]-->\n\n\t\n\t\t\n    <!--[spacer]-->\n    <style>\n.bd-spacer-1192563221{height:1em;}<\/style>    <div class=\" bd-spacer-1192563221  clearfix\">\n        <!--{content}--><!--{\/content}-->\n    <\/div>\n    <!--[\/spacer]-->\n\n    \n\t\n\t\t    <!--[text]-->\n                <p class=\" additional-class-1135137840  bd-content-element\">\n            <!--{content}-->\n                Law practice management software has been the forefront of most law offices in handling their client's            <!--{\/content}-->\n        <\/p>\n    <!--[\/text]-->\n                    <!--{\/content}-->\n                <\/div>\n            <\/div>\n        <\/div>\n    <!--[\/column]-->\n\n\t\n\t\t    <!--[column]-->\n        <div class=\"col-md-4 col-sm-6 bd-columnwrapper-2138851987\">\n            <div class=\"bd-column  bd-layoutcolumn-2138851987 \">\n                <div class=\"bd-vertical-align-wrapper\">\n                    <!--{content}-->\n                            <!--[image_scaling]-->\n        <style>\n.bd-imagescaling-1249134227.bd-imagescaling-img, .bd-imagescaling-1249134227 .bd-imagescaling-img{background-position:center center;background-repeat:no-repeat;background-size:cover;}<\/style>        <!--{content}-->\n            <!--[image]--><style>\n.additional-class-995638779{width:85px;display:inline-block;}<\/style><img decoding=\"async\" src=\"https:\/\/sim-racing-center.de\/wp-content\/uploads\/2023\/08\/f8fcf3100dd05ecae5cde44423315a9f_qasxdcf.png\" class=\" additional-class-995638779 bd-imagestyles-31 bd-own-margins bd-imagescaling  bd-imagescaling-1249134227 \"><!--{content}--><!--{\/content}--><!--[\/image]-->        <!--{\/content}-->\n    <!--[\/image_scaling]-->\n\n\t\n\t\t    <!--[text]-->\n        <style>\n.additional-class-947561752{margin-bottom:0px;}<\/style>        <h2 class=\" additional-class-947561752  bd-content-element\">\n            <!--{content}-->\n                <a href=\"#\">\nPublic Policy\n<\/a>            <!--{\/content}-->\n        <\/h2>\n    <!--[\/text]-->\n\n\t\n\t\t\n    <!--[spacer]-->\n    <style>\n.bd-spacer-613137677{height:1em;}<\/style>    <div class=\" bd-spacer-613137677  clearfix\">\n        <!--{content}--><!--{\/content}-->\n    <\/div>\n    <!--[\/spacer]-->\n\n    \n\t\n\t\t    <!--[text]-->\n                <p class=\" additional-class-825194136  bd-content-element\">\n            <!--{content}-->\n                One of the biggest problems with research that is designed and packaged for the consumer or the&nbsp;            <!--{\/content}-->\n        <\/p>\n    <!--[\/text]-->\n                    <!--{\/content}-->\n                <\/div>\n            <\/div>\n        <\/div>\n    <!--[\/column]-->\n\n\t\n\t\t    <!--[column]-->\n        <div class=\"col-md-4 col-sm-6 bd-columnwrapper-1400332686\">\n            <div class=\"bd-column  bd-layoutcolumn-1400332686 \">\n                <div class=\"bd-vertical-align-wrapper\">\n                    <!--{content}-->\n                            <!--[image_scaling]-->\n        <style>\n.bd-imagescaling-1232965339.bd-imagescaling-img, .bd-imagescaling-1232965339 .bd-imagescaling-img{background-position:center center;background-repeat:no-repeat;background-size:cover;}<\/style>        <!--{content}-->\n            <!--[image]--><style>\n.additional-class-1892760263{width:85px;display:inline-block;}<\/style><img decoding=\"async\" src=\"https:\/\/sim-racing-center.de\/wp-content\/uploads\/2023\/08\/86c7118440e082a358c3b769ca630de2_1468946039_partnership.png\" class=\" additional-class-1892760263 bd-imagestyles-32 bd-own-margins bd-imagescaling  bd-imagescaling-1232965339 \"><!--{content}--><!--{\/content}--><!--[\/image]-->        <!--{\/content}-->\n    <!--[\/image_scaling]-->\n\n\t\n\t\t    <!--[text]-->\n        <style>\n.additional-class-1611221324{margin-bottom:0px;}<\/style>        <h2 class=\" additional-class-1611221324  bd-content-element\">\n            <!--{content}-->\n                <a href=\"#\">\n Real Estate\n<\/a>            <!--{\/content}-->\n        <\/h2>\n    <!--[\/text]-->\n\n\t\n\t\t\n    <!--[spacer]-->\n    <style>\n.bd-spacer-563149556{height:1em;}<\/style>    <div class=\" bd-spacer-563149556  clearfix\">\n        <!--{content}--><!--{\/content}-->\n    <\/div>\n    <!--[\/spacer]-->\n\n    \n\t\n\t\t    <!--[text]-->\n                <p class=\" additional-class-1545349153  bd-content-element\">\n            <!--{content}-->\n                Real estate has an effect on all of us. We possibly own it, lease it, take a look at it, or trespass upon it            <!--{\/content}-->\n        <\/p>\n    <!--[\/text]-->\n                    <!--{\/content}-->\n                <\/div>\n            <\/div>\n        <\/div>\n    <!--[\/column]-->\n                        <!--{\/content}-->\n                    <\/div>\n                <\/div>\n            <\/div>\n        <\/div>\n    <!--[\/columns]-->\n\t\t\t\t<!--{\/content}-->\n\t\t\t<\/div>\n\t\t<\/section>\n\t<!--[\/section]-->\n<!--{\/content}--><!--[\/overlay]-->\n<!--[fluid]--><!--{content}--><!--[html]--><style><\/style><div class=\"bd-tagstyles  additional-class-2050820886 bd-page-width \"><div class=\"bd-container-inner bd-content-element\"><!--{content}--><!-- wp:paragraph -->\n<p>test ^12<\/p>\n<!-- \/wp:paragraph --><!--{\/content}--><\/div><\/div><!--[\/html]--><!--{\/content}--><!--[\/fluid]-->\n","protected":false},"excerpt":{"rendered":"","protected":false},"author":2,"featured_media":0,"parent":0,"menu_order":0,"comment_status":"closed","ping_status":"closed","template":"","meta":{"footnotes":""},"class_list":["post-65","page","type-page","status-publish","hentry"],"yoast_head":"<!-- This site is optimized with the Yoast SEO plugin v25.5 - https:\/\/yoast.com\/wordpress\/plugins\/seo\/ -->\n<title>Test-Neue-Seite - SRS Sim-Racing-Center<\/title>\n<meta name=\"robots\" content=\"index, follow, max-snippet:-1, max-image-preview:large, max-video-preview:-1\" \/>\n<link rel=\"canonical\" href=\"https:\/\/sim-racing-center.de\/index.php\/test-neue-seite\/\" \/>\n<meta property=\"og:locale\" content=\"de_DE\" \/>\n<meta property=\"og:type\" content=\"article\" \/>\n<meta property=\"og:title\" content=\"Test-Neue-Seite - SRS Sim-Racing-Center\" \/>\n<meta property=\"og:url\" content=\"https:\/\/sim-racing-center.de\/index.php\/test-neue-seite\/\" \/>\n<meta property=\"og:site_name\" content=\"SRS Sim-Racing-Center\" \/>\n<meta property=\"article:publisher\" content=\"https:\/\/facebook.de\/simraceshop\" \/>\n<meta property=\"article:modified_time\" content=\"2023-08-18T21:03:14+00:00\" \/>\n<meta name=\"twitter:card\" content=\"summary_large_image\" \/>\n<meta name=\"twitter:label1\" content=\"Gesch\u00e4tzte Lesezeit\" \/>\n\t<meta name=\"twitter:data1\" content=\"4\u00a0Minuten\" \/>\n<script type=\"application\/ld+json\" class=\"yoast-schema-graph\">{\"@context\":\"https:\/\/schema.org\",\"@graph\":[{\"@type\":\"WebPage\",\"@id\":\"https:\/\/sim-racing-center.de\/index.php\/test-neue-seite\/\",\"url\":\"https:\/\/sim-racing-center.de\/index.php\/test-neue-seite\/\",\"name\":\"Test-Neue-Seite - SRS Sim-Racing-Center\",\"isPartOf\":{\"@id\":\"https:\/\/sim-racing-center.de\/#website\"},\"datePublished\":\"2023-08-18T20:55:34+00:00\",\"dateModified\":\"2023-08-18T21:03:14+00:00\",\"breadcrumb\":{\"@id\":\"https:\/\/sim-racing-center.de\/index.php\/test-neue-seite\/#breadcrumb\"},\"inLanguage\":\"de\",\"potentialAction\":[{\"@type\":\"ReadAction\",\"target\":[\"https:\/\/sim-racing-center.de\/index.php\/test-neue-seite\/\"]}]},{\"@type\":\"BreadcrumbList\",\"@id\":\"https:\/\/sim-racing-center.de\/index.php\/test-neue-seite\/#breadcrumb\",\"itemListElement\":[{\"@type\":\"ListItem\",\"position\":1,\"name\":\"Startseite\",\"item\":\"https:\/\/sim-racing-center.de\/\"},{\"@type\":\"ListItem\",\"position\":2,\"name\":\"Test-Neue-Seite\"}]},{\"@type\":\"WebSite\",\"@id\":\"https:\/\/sim-racing-center.de\/#website\",\"url\":\"https:\/\/sim-racing-center.de\/\",\"name\":\"Sim-Racing-Center Lich Hessen\",\"description\":\"Virtueller Motorsport f\u00fcr jung und alt\",\"publisher\":{\"@id\":\"https:\/\/sim-racing-center.de\/#organization\"},\"potentialAction\":[{\"@type\":\"SearchAction\",\"target\":{\"@type\":\"EntryPoint\",\"urlTemplate\":\"https:\/\/sim-racing-center.de\/?s={search_term_string}\"},\"query-input\":{\"@type\":\"PropertyValueSpecification\",\"valueRequired\":true,\"valueName\":\"search_term_string\"}}],\"inLanguage\":\"de\"},{\"@type\":\"Organization\",\"@id\":\"https:\/\/sim-racing-center.de\/#organization\",\"name\":\"SRS Sim-Racing-Center\",\"url\":\"https:\/\/sim-racing-center.de\/\",\"logo\":{\"@type\":\"ImageObject\",\"inLanguage\":\"de\",\"@id\":\"https:\/\/sim-racing-center.de\/#\/schema\/logo\/image\/\",\"url\":\"https:\/\/sim-racing-center.de\/wp-content\/uploads\/2025\/07\/SIMRACING.png\",\"contentUrl\":\"https:\/\/sim-racing-center.de\/wp-content\/uploads\/2025\/07\/SIMRACING.png\",\"width\":1144,\"height\":177,\"caption\":\"SRS Sim-Racing-Center\"},\"image\":{\"@id\":\"https:\/\/sim-racing-center.de\/#\/schema\/logo\/image\/\"},\"sameAs\":[\"https:\/\/facebook.de\/simraceshop\",\"https:\/\/www.instagram.com\/simraceshop.de\/\",\"https:\/\/www.youtube.com\/@SimRaceShop\"]}]}<\/script>\n<!-- \/ Yoast SEO plugin. -->","yoast_head_json":{"title":"Test-Neue-Seite - SRS Sim-Racing-Center","robots":{"index":"index","follow":"follow","max-snippet":"max-snippet:-1","max-image-preview":"max-image-preview:large","max-video-preview":"max-video-preview:-1"},"canonical":"https:\/\/sim-racing-center.de\/index.php\/test-neue-seite\/","og_locale":"de_DE","og_type":"article","og_title":"Test-Neue-Seite - SRS Sim-Racing-Center","og_url":"https:\/\/sim-racing-center.de\/index.php\/test-neue-seite\/","og_site_name":"SRS Sim-Racing-Center","article_publisher":"https:\/\/facebook.de\/simraceshop","article_modified_time":"2023-08-18T21:03:14+00:00","twitter_card":"summary_large_image","twitter_misc":{"Gesch\u00e4tzte Lesezeit":"4\u00a0Minuten"},"schema":{"@context":"https:\/\/schema.org","@graph":[{"@type":"WebPage","@id":"https:\/\/sim-racing-center.de\/index.php\/test-neue-seite\/","url":"https:\/\/sim-racing-center.de\/index.php\/test-neue-seite\/","name":"Test-Neue-Seite - SRS Sim-Racing-Center","isPartOf":{"@id":"https:\/\/sim-racing-center.de\/#website"},"datePublished":"2023-08-18T20:55:34+00:00","dateModified":"2023-08-18T21:03:14+00:00","breadcrumb":{"@id":"https:\/\/sim-racing-center.de\/index.php\/test-neue-seite\/#breadcrumb"},"inLanguage":"de","potentialAction":[{"@type":"ReadAction","target":["https:\/\/sim-racing-center.de\/index.php\/test-neue-seite\/"]}]},{"@type":"BreadcrumbList","@id":"https:\/\/sim-racing-center.de\/index.php\/test-neue-seite\/#breadcrumb","itemListElement":[{"@type":"ListItem","position":1,"name":"Startseite","item":"https:\/\/sim-racing-center.de\/"},{"@type":"ListItem","position":2,"name":"Test-Neue-Seite"}]},{"@type":"WebSite","@id":"https:\/\/sim-racing-center.de\/#website","url":"https:\/\/sim-racing-center.de\/","name":"Sim-Racing-Center Lich Hessen","description":"Virtueller Motorsport f\u00fcr jung und alt","publisher":{"@id":"https:\/\/sim-racing-center.de\/#organization"},"potentialAction":[{"@type":"SearchAction","target":{"@type":"EntryPoint","urlTemplate":"https:\/\/sim-racing-center.de\/?s={search_term_string}"},"query-input":{"@type":"PropertyValueSpecification","valueRequired":true,"valueName":"search_term_string"}}],"inLanguage":"de"},{"@type":"Organization","@id":"https:\/\/sim-racing-center.de\/#organization","name":"SRS Sim-Racing-Center","url":"https:\/\/sim-racing-center.de\/","logo":{"@type":"ImageObject","inLanguage":"de","@id":"https:\/\/sim-racing-center.de\/#\/schema\/logo\/image\/","url":"https:\/\/sim-racing-center.de\/wp-content\/uploads\/2025\/07\/SIMRACING.png","contentUrl":"https:\/\/sim-racing-center.de\/wp-content\/uploads\/2025\/07\/SIMRACING.png","width":1144,"height":177,"caption":"SRS Sim-Racing-Center"},"image":{"@id":"https:\/\/sim-racing-center.de\/#\/schema\/logo\/image\/"},"sameAs":["https:\/\/facebook.de\/simraceshop","https:\/\/www.instagram.com\/simraceshop.de\/","https:\/\/www.youtube.com\/@SimRaceShop"]}]}},"_links":{"self":[{"href":"https:\/\/sim-racing-center.de\/index.php\/wp-json\/wp\/v2\/pages\/65","targetHints":{"allow":["GET"]}}],"collection":[{"href":"https:\/\/sim-racing-center.de\/index.php\/wp-json\/wp\/v2\/pages"}],"about":[{"href":"https:\/\/sim-racing-center.de\/index.php\/wp-json\/wp\/v2\/types\/page"}],"author":[{"embeddable":true,"href":"https:\/\/sim-racing-center.de\/index.php\/wp-json\/wp\/v2\/users\/2"}],"replies":[{"embeddable":true,"href":"https:\/\/sim-racing-center.de\/index.php\/wp-json\/wp\/v2\/comments?post=65"}],"version-history":[{"count":3,"href":"https:\/\/sim-racing-center.de\/index.php\/wp-json\/wp\/v2\/pages\/65\/revisions"}],"predecessor-version":[{"id":80,"href":"https:\/\/sim-racing-center.de\/index.php\/wp-json\/wp\/v2\/pages\/65\/revisions\/80"}],"wp:attachment":[{"href":"https:\/\/sim-racing-center.de\/index.php\/wp-json\/wp\/v2\/media?parent=65"}],"curies":[{"name":"wp","href":"https:\/\/api.w.org\/{rel}","templated":true}]}}