{"id":386,"date":"2025-06-18T21:14:10","date_gmt":"2025-06-18T21:14:10","guid":{"rendered":"https:\/\/sim-racing-center.de\/?page_id=386"},"modified":"2025-07-19T22:55:39","modified_gmt":"2025-07-19T20:55:39","slug":"vermietung","status":"publish","type":"page","link":"https:\/\/sim-racing-center.de\/index.php\/vermietung\/","title":{"rendered":"Vermietung"},"content":{"rendered":"<!--[overlay]--><style>\n.bd-textureoverlay-195771390:before{background-color:#000000;opacity:0.5;}<\/style><!--{content}-->    <!--[section]-->\n\t\t<style>\n.bd-section-1582648996{background-color:#333333;position:relative;background-size:cover;background-repeat:no-repeat;background-image:url(https:\/\/sim-racing-center.de\/wp-content\/uploads\/2025\/06\/040842b87c383dd9e3445745ebd0b29f_9D5A9858D81B4AABB7EBFCDA3D2AC6A3.jpeg);background-attachment:fixed;background-position:center bottom;padding-top:325.5px;padding-bottom:325.5px;}\n.bd-section-1582648996{\n\tline-height:  24px;\n\tcolor:  #ffffff;\n\tfont-size:  16px;\n\tfont-weight:  400;\n\ttext-align:  center;\n}\n.bd-section-1582648996 h1{\n\tline-height:  55.2px;\n\ttext-transform:  uppercase;\n\tfont-size:  48px;\n\tfont-weight:  600;\n}\n\n@media (max-width: 767px) {.bd-section-1582648996 h1{\n\tline-height:  42.85714287px;\n\tfont-size:  30px;\n}\n}<\/style>\t\t<section id=section4 class=\" bd-section-1582648996 bd-tagstyles bd-textureoverlay  bd-textureoverlay-195771390 \" data-section-title=\"row with background image\">\n\t\t\t<div class=\"bd-container-inner bd-margins clearfix\">\n\t\t\t\t<!--{content}-->\n\t\t\t\t\t<!--[fluid]--><!--{content}--><!--[layoutbox]--><style>\n.additional-class-24195611{width:50%;margin-left:auto;margin-right:auto;}\n@media (max-width: 1199px) {.additional-class-24195611{width:75%;}}\n@media (max-width: 991px) {.additional-class-24195611{width:90%;}}<\/style><div class=\"clearfix  additional-class-24195611 bd-page-width  bd-no-margins bd-no-margins\"><div class=\"bd-container-inner\"><!--{content}-->    <!--[text]-->\n                <h1 class=\" additional-class-1841224211  bd-content-element\">\n            <!--{content}-->\n                VERMIETUNG            <!--{\/content}-->\n        <\/h1>\n    <!--[\/text]-->\n<!--{\/content}--><\/div><\/div><!--[\/layoutbox]--><!--{\/content}--><!--[\/fluid]-->\t\t\t\t<!--{\/content}-->\n\t\t\t<\/div>\n\t\t<\/section>\n\t<!--[\/section]-->\n<!--{\/content}--><!--[\/overlay]-->\n    <!--[section]-->\n\t\t<style>\n.bd-section-1957281888{background-color:#ffffff;margin-bottom:242px;}<\/style>\t\t<section id=section35 class=\" bd-section-1957281888  bd-tagstyles\" data-section-title=\"Section\">\n\t\t\t<div class=\"bd-container-inner bd-margins clearfix\">\n\t\t\t\t<!--{content}-->\n\t\t\t\t\t<!--[layoutbox]--><style>\n.additional-class-1039222858{background-color:#ffffff;height:1076px;}<\/style><div class=\"clearfix  additional-class-1039222858  bd-no-margins\"><div class=\"bd-container-inner\"><!--{content}-->    <!--[text]-->\n        <style>\nh1.additional-class-297665772{\n\ttext-align:  center;\n\tfont-weight:  bold;\n\tcolor:  #000000;\n}\n<\/style>        <h1 class=\" additional-class-297665772  bd-content-element\">\n            <!--{content}-->\n                MIETE UNSERE SIMULATOREN F\u00dcR DEIN EVENT            <!--{\/content}-->\n        <\/h1>\n    <!--[\/text]-->\n\n\t\n\t\t\n    <!--[spacer]-->\n    <style>\n.bd-spacer-730989995{height:100px;}<\/style>    <div class=\" bd-spacer-730989995  clearfix\">\n        <!--{content}--><!--{\/content}-->\n    <\/div>\n    <!--[\/spacer]-->\n\n    \n\t\n\t\t    <!--[columns]-->\n        <style>\n.bd-layoutcontainer-1401625089  > .bd-container-inner > .container-fluid:after{display:none;}<\/style><style>.bd-layoutcontainer-1401625089 > .bd-container-inner > .container-fluid {padding-left: 0; padding-right: 0;}<\/style>        <style>\n.bd-layoutcolumn-1966539481{\n\ttext-align:  left;\n}\n\n\n.bd-layoutcolumn-481645786{\n\ttext-align:  center;\n}\n<\/style>        <div class=\" bd-layoutcontainer-1401625089  bd-columns bd-no-margins\">\n            <div class=\"bd-container-inner\">\n                <div class=\"container-fluid\">\n                    <div class=\"row\">\n                        <!--{content}-->\n                                <!--[column]-->\n        <div class=\"col-sm-6 bd-columnwrapper-1966539481\">\n            <div class=\"bd-column  bd-layoutcolumn-1966539481 \">\n                <div class=\"bd-vertical-align-wrapper\">\n                    <!--{content}-->\n                            <!--[text]-->\n                <h2 class=\" additional-class-1820664850  bd-content-element\">\n            <!--{content}-->\n                DAS ERLEBNIS F\u00dcR IHR EVENT            <!--{\/content}-->\n        <\/h2>\n    <!--[\/text]-->\n\n\t\n\t\t    <!--[text]-->\n                <p class=\" additional-class-203723248  bd-content-element\">\n            <!--{content}-->\n                Unser Verleihservice f\u00fcr Rennsimulatoren macht Ihre Veranstaltung zu einem unvergesslichen Erlebnis. Wir bringen moderne, hochwertige Sim-Racing-Stationen direkt zu Ihnen vor Ort \u2013 egal ob Firmenevent, Messe oder private Feier.<br><br><br>Von der Einrichtung bis zur technischen Betreuung k\u00fcmmern wir uns um alles, sodass Sie sich voll und ganz auf den Spa\u00df mit Ihren G\u00e4sten konzentrieren k\u00f6nnen. Unser Team sorgt f\u00fcr einen reibungslosen Ablauf und steht w\u00e4hrend des Events jederzeit f\u00fcr Unterst\u00fctzung bereit.<br><br><br>Die Simulatoren sind einfach zu bedienen und bieten realistische Fahrerlebnisse f\u00fcr Anf\u00e4nger und Profis gleicherma\u00dfen. So entsteht eine tolle Atmosph\u00e4re voller Action, Spannung und Gemeinschaftsspa\u00df.<br><br><br>Unser Service ist flexibel: Wir passen die Ausstattung an Ihre Veranstaltungsgr\u00f6\u00dfe und W\u00fcnsche an. Mit unserem Verleih machen wir Ihr Event zum Highlight \u2013 modern, komfortabel und einzigartig im Erlebnisfaktor.<br><br><br>Lassen Sie sich von unserem Rundum-sorglos-Paket begeistern und vermitteln Sie Ihren G\u00e4sten ein echtes Highlight, das noch lange in Erinnerung bleibt. Wir sorgen daf\u00fcr, dass Ihre Veranstaltung mit unseren Rennsimulatoren erfolgreich und spannend wird!<br><br><br><br>            <!--{\/content}-->\n        <\/p>\n    <!--[\/text]-->\n                    <!--{\/content}-->\n                <\/div>\n            <\/div>\n        <\/div>\n    <!--[\/column]-->\n\n\t\n\t\t    <!--[column]-->\n        <div class=\"col-sm-6 bd-columnwrapper-481645786\">\n            <div class=\"bd-column  bd-layoutcolumn-481645786 \">\n                <div class=\"bd-vertical-align-wrapper\">\n                    <!--{content}-->\n                        <!--[image]--><style>\n.additional-class-1513394641{width:524px;height:698px;}<\/style><img decoding=\"async\" src=\"https:\/\/sim-racing-center.de\/wp-content\/uploads\/2025\/06\/07cdcac4d4334e1399d73f65298d0f5c_rennwelten_x_srs_202416.jpg\" class=\" additional-class-1513394641   bd-imagestyles bd-own-margins\"><!--{content}--><!--{\/content}--><!--[\/image]-->                    <!--{\/content}-->\n                <\/div>\n            <\/div>\n        <\/div>\n    <!--[\/column]-->\n                        <!--{\/content}-->\n                    <\/div>\n                <\/div>\n            <\/div>\n        <\/div>\n    <!--[\/columns]-->\n<!--{\/content}--><\/div><\/div><!--[\/layoutbox]-->\t\t\t\t<!--{\/content}-->\n\t\t\t<\/div>\n\t\t<\/section>\n\t<!--[\/section]-->\n\n    <!--[section]-->\n\t\t<style>\n.bd-section-1491121175{background-color:#c91d1d;padding:2em 1em;}\n.bd-section-1491121175{\n\tline-height:  23.8px;\n\tletter-spacing:  1px;\n\tcolor:  #dddddd;\n\ttext-align:  center;\n}\n.bd-section-1491121175 h1{\n\tline-height:  34.2857143px;\n\tcolor:  #ffffff;\n\tfont-size:  24px;\n\tfont-weight:  500;\n\tletter-spacing:  1px;\n\ttext-transform:  uppercase;\n}\n\n@media (max-width: 991px) {.bd-section-1491121175 h1{\n\tline-height:  35.71428573px;\n\tfont-size:  25px;\n}\n}<\/style>\t\t<section id=section3 class=\" bd-section-1491121175  bd-tagstyles\" data-section-title=\"Business Red CTA\">\n\t\t\t<div class=\"bd-container-inner bd-margins clearfix\">\n\t\t\t\t<!--{content}-->\n\t\t\t\t\t    <!--[text]-->\n        <style>\n.additional-class-35404657{display:inline-block;vertical-align:middle;margin:0px;}\n@media (max-width: 767px) {.additional-class-35404657{margin:0px;}}<\/style>        <h1 class=\" additional-class-35404657  bd-no-margins bd-content-element\">\n            <!--{content}-->\n                ANFRAGE ZUR VERMIETUNG            <!--{\/content}-->\n        <\/h1>\n    <!--[\/text]-->\n\n\t\n\t\t\n    <!--[spacer]-->\n    <style>\n.bd-spacer-343167746{height:100px;}\n@media (max-width: 991px) {.bd-spacer-343167746{height:1em;}}<\/style>    <div class=\" bd-spacer-343167746  hidden-md  hidden-lg  clearfix\">\n        <!--{content}--><!--{\/content}-->\n    <\/div>\n    <!--[\/spacer]-->\n\n    \t\t\t\t<!--{\/content}-->\n\t\t\t<\/div>\n\t\t<\/section>\n\t<!--[\/section]-->\n\n<!--[html]--><style><\/style><div class=\"bd-tagstyles  additional-class-1142845078 \"><div class=\"bd-container-inner bd-content-element\"><!--{content}--><div class=\"wpforms-container wpforms-container-full wpforms-render-modern\" id=\"wpforms-234\"><form id=\"wpforms-form-234\" class=\"wpforms-validate wpforms-form wpforms-ajax-form\" data-formid=\"234\" method=\"post\" enctype=\"multipart\/form-data\" action=\"\/index.php\/wp-json\/wp\/v2\/pages\/386\" data-token=\"705377328e9b00ff100e15816a8a333b\" data-token-time=\"1778342200\"><noscript class=\"wpforms-error-noscript\">Bitte aktiviere JavaScript in deinem Browser, um dieses Formular fertigzustellen.<\/noscript><div id=\"wpforms-error-noscript\" style=\"display: none;\">Bitte aktiviere JavaScript in deinem Browser, um dieses Formular fertigzustellen.<\/div><div class=\"wpforms-field-container\"><div id=\"wpforms-234-field_0-container\" class=\"wpforms-field wpforms-field-name\" data-field-id=\"0\"><fieldset><legend class=\"wpforms-field-label\">Name <span class=\"wpforms-required-label\" aria-hidden=\"true\">*<\/span><\/legend><div class=\"wpforms-field-row wpforms-field-medium\"><div class=\"wpforms-field-row-block wpforms-first wpforms-one-half\"><input type=\"text\" id=\"wpforms-234-field_0\" class=\"wpforms-field-name-first wpforms-field-required\" name=\"wpforms[fields][0][first]\" aria-errormessage=\"wpforms-234-field_0-error\" required><label for=\"wpforms-234-field_0\" class=\"wpforms-field-sublabel after\">Vorname<\/label><\/div><div class=\"wpforms-field-row-block wpforms-one-half\"><input type=\"text\" id=\"wpforms-234-field_0-last\" class=\"wpforms-field-name-last wpforms-field-required\" name=\"wpforms[fields][0][last]\" aria-errormessage=\"wpforms-234-field_0-last-error\" required><label for=\"wpforms-234-field_0-last\" class=\"wpforms-field-sublabel after\">Nachname<\/label><\/div><\/div><\/fieldset><\/div><div id=\"wpforms-234-field_1-container\" class=\"wpforms-field wpforms-field-email\" data-field-id=\"1\"><label class=\"wpforms-field-label\" for=\"wpforms-234-field_1\">E-Mail <span class=\"wpforms-required-label\" aria-hidden=\"true\">*<\/span><\/label><input type=\"email\" id=\"wpforms-234-field_1\" class=\"wpforms-field-medium wpforms-field-required\" name=\"wpforms[fields][1]\" spellcheck=\"false\" aria-errormessage=\"wpforms-234-field_1-error\" required><\/div><div id=\"wpforms-234-field_2-container\" class=\"wpforms-field wpforms-field-textarea\" data-field-id=\"2\"><label class=\"wpforms-field-label\" for=\"wpforms-234-field_2\">Deine Nachricht an uns<\/label><textarea id=\"wpforms-234-field_2\" class=\"wpforms-field-medium\" name=\"wpforms[fields][2]\" aria-errormessage=\"wpforms-234-field_2-error\" ><\/textarea><\/div><\/div><!-- .wpforms-field-container --><div class=\"wpforms-submit-container\" ><input type=\"hidden\" name=\"wpforms[id]\" value=\"234\"><input type=\"hidden\" name=\"page_title\" value=\"\"><input type=\"hidden\" name=\"page_url\" value=\"https:\/\/sim-racing-center.de\/index.php\/wp-json\/wp\/v2\/pages\/386\"><input type=\"hidden\" name=\"url_referer\" value=\"\"><button type=\"submit\" name=\"wpforms[submit]\" id=\"wpforms-submit-234\" class=\"wpforms-submit\" data-alt-text=\"Senden\u2026\" data-submit-text=\"Absenden\" aria-live=\"assertive\" value=\"wpforms-submit\">Absenden<\/button><img decoding=\"async\" src=\"https:\/\/sim-racing-center.de\/wp-content\/plugins\/wpforms-lite\/assets\/images\/submit-spin.svg\" class=\"wpforms-submit-spinner\" style=\"display: none;\" width=\"26\" height=\"26\" alt=\"Wird geladen\"><\/div><\/form><\/div>  <!-- .wpforms-container --><!--{\/content}--><\/div><\/div><!--[\/html]-->\n","protected":false},"excerpt":{"rendered":"","protected":false},"author":2,"featured_media":0,"parent":0,"menu_order":0,"comment_status":"closed","ping_status":"closed","template":"","meta":{"footnotes":""},"class_list":["post-386","page","type-page","status-publish","hentry"],"yoast_head":"<!-- This site is optimized with the Yoast SEO plugin v25.5 - https:\/\/yoast.com\/wordpress\/plugins\/seo\/ -->\n<title>Vermietung - SRS Sim-Racing-Center<\/title>\n<meta name=\"robots\" content=\"index, follow, max-snippet:-1, max-image-preview:large, max-video-preview:-1\" \/>\n<link rel=\"canonical\" href=\"https:\/\/sim-racing-center.de\/index.php\/vermietung\/\" \/>\n<meta property=\"og:locale\" content=\"de_DE\" \/>\n<meta property=\"og:type\" content=\"article\" \/>\n<meta property=\"og:title\" content=\"Vermietung - SRS Sim-Racing-Center\" \/>\n<meta property=\"og:url\" content=\"https:\/\/sim-racing-center.de\/index.php\/vermietung\/\" \/>\n<meta property=\"og:site_name\" content=\"SRS Sim-Racing-Center\" \/>\n<meta property=\"article:publisher\" content=\"https:\/\/facebook.de\/simraceshop\" \/>\n<meta property=\"article:modified_time\" content=\"2025-07-19T20:55:39+00:00\" \/>\n<meta name=\"twitter:card\" content=\"summary_large_image\" \/>\n<meta name=\"twitter:label1\" content=\"Gesch\u00e4tzte Lesezeit\" \/>\n\t<meta name=\"twitter:data1\" content=\"2\u00a0Minuten\" \/>\n<script type=\"application\/ld+json\" class=\"yoast-schema-graph\">{\"@context\":\"https:\/\/schema.org\",\"@graph\":[{\"@type\":\"WebPage\",\"@id\":\"https:\/\/sim-racing-center.de\/index.php\/vermietung\/\",\"url\":\"https:\/\/sim-racing-center.de\/index.php\/vermietung\/\",\"name\":\"Vermietung - SRS Sim-Racing-Center\",\"isPartOf\":{\"@id\":\"https:\/\/sim-racing-center.de\/#website\"},\"datePublished\":\"2025-06-18T21:14:10+00:00\",\"dateModified\":\"2025-07-19T20:55:39+00:00\",\"breadcrumb\":{\"@id\":\"https:\/\/sim-racing-center.de\/index.php\/vermietung\/#breadcrumb\"},\"inLanguage\":\"de\",\"potentialAction\":[{\"@type\":\"ReadAction\",\"target\":[\"https:\/\/sim-racing-center.de\/index.php\/vermietung\/\"]}]},{\"@type\":\"BreadcrumbList\",\"@id\":\"https:\/\/sim-racing-center.de\/index.php\/vermietung\/#breadcrumb\",\"itemListElement\":[{\"@type\":\"ListItem\",\"position\":1,\"name\":\"Startseite\",\"item\":\"https:\/\/sim-racing-center.de\/\"},{\"@type\":\"ListItem\",\"position\":2,\"name\":\"Vermietung\"}]},{\"@type\":\"WebSite\",\"@id\":\"https:\/\/sim-racing-center.de\/#website\",\"url\":\"https:\/\/sim-racing-center.de\/\",\"name\":\"Sim-Racing-Center Lich Hessen\",\"description\":\"Virtueller Motorsport f\u00fcr jung und alt\",\"publisher\":{\"@id\":\"https:\/\/sim-racing-center.de\/#organization\"},\"potentialAction\":[{\"@type\":\"SearchAction\",\"target\":{\"@type\":\"EntryPoint\",\"urlTemplate\":\"https:\/\/sim-racing-center.de\/?s={search_term_string}\"},\"query-input\":{\"@type\":\"PropertyValueSpecification\",\"valueRequired\":true,\"valueName\":\"search_term_string\"}}],\"inLanguage\":\"de\"},{\"@type\":\"Organization\",\"@id\":\"https:\/\/sim-racing-center.de\/#organization\",\"name\":\"SRS Sim-Racing-Center\",\"url\":\"https:\/\/sim-racing-center.de\/\",\"logo\":{\"@type\":\"ImageObject\",\"inLanguage\":\"de\",\"@id\":\"https:\/\/sim-racing-center.de\/#\/schema\/logo\/image\/\",\"url\":\"https:\/\/sim-racing-center.de\/wp-content\/uploads\/2025\/07\/SIMRACING.png\",\"contentUrl\":\"https:\/\/sim-racing-center.de\/wp-content\/uploads\/2025\/07\/SIMRACING.png\",\"width\":1144,\"height\":177,\"caption\":\"SRS Sim-Racing-Center\"},\"image\":{\"@id\":\"https:\/\/sim-racing-center.de\/#\/schema\/logo\/image\/\"},\"sameAs\":[\"https:\/\/facebook.de\/simraceshop\",\"https:\/\/www.instagram.com\/simraceshop.de\/\",\"https:\/\/www.youtube.com\/@SimRaceShop\"]}]}<\/script>\n<!-- \/ Yoast SEO plugin. -->","yoast_head_json":{"title":"Vermietung - SRS Sim-Racing-Center","robots":{"index":"index","follow":"follow","max-snippet":"max-snippet:-1","max-image-preview":"max-image-preview:large","max-video-preview":"max-video-preview:-1"},"canonical":"https:\/\/sim-racing-center.de\/index.php\/vermietung\/","og_locale":"de_DE","og_type":"article","og_title":"Vermietung - SRS Sim-Racing-Center","og_url":"https:\/\/sim-racing-center.de\/index.php\/vermietung\/","og_site_name":"SRS Sim-Racing-Center","article_publisher":"https:\/\/facebook.de\/simraceshop","article_modified_time":"2025-07-19T20:55:39+00:00","twitter_card":"summary_large_image","twitter_misc":{"Gesch\u00e4tzte Lesezeit":"2\u00a0Minuten"},"schema":{"@context":"https:\/\/schema.org","@graph":[{"@type":"WebPage","@id":"https:\/\/sim-racing-center.de\/index.php\/vermietung\/","url":"https:\/\/sim-racing-center.de\/index.php\/vermietung\/","name":"Vermietung - SRS Sim-Racing-Center","isPartOf":{"@id":"https:\/\/sim-racing-center.de\/#website"},"datePublished":"2025-06-18T21:14:10+00:00","dateModified":"2025-07-19T20:55:39+00:00","breadcrumb":{"@id":"https:\/\/sim-racing-center.de\/index.php\/vermietung\/#breadcrumb"},"inLanguage":"de","potentialAction":[{"@type":"ReadAction","target":["https:\/\/sim-racing-center.de\/index.php\/vermietung\/"]}]},{"@type":"BreadcrumbList","@id":"https:\/\/sim-racing-center.de\/index.php\/vermietung\/#breadcrumb","itemListElement":[{"@type":"ListItem","position":1,"name":"Startseite","item":"https:\/\/sim-racing-center.de\/"},{"@type":"ListItem","position":2,"name":"Vermietung"}]},{"@type":"WebSite","@id":"https:\/\/sim-racing-center.de\/#website","url":"https:\/\/sim-racing-center.de\/","name":"Sim-Racing-Center Lich Hessen","description":"Virtueller Motorsport f\u00fcr jung und alt","publisher":{"@id":"https:\/\/sim-racing-center.de\/#organization"},"potentialAction":[{"@type":"SearchAction","target":{"@type":"EntryPoint","urlTemplate":"https:\/\/sim-racing-center.de\/?s={search_term_string}"},"query-input":{"@type":"PropertyValueSpecification","valueRequired":true,"valueName":"search_term_string"}}],"inLanguage":"de"},{"@type":"Organization","@id":"https:\/\/sim-racing-center.de\/#organization","name":"SRS Sim-Racing-Center","url":"https:\/\/sim-racing-center.de\/","logo":{"@type":"ImageObject","inLanguage":"de","@id":"https:\/\/sim-racing-center.de\/#\/schema\/logo\/image\/","url":"https:\/\/sim-racing-center.de\/wp-content\/uploads\/2025\/07\/SIMRACING.png","contentUrl":"https:\/\/sim-racing-center.de\/wp-content\/uploads\/2025\/07\/SIMRACING.png","width":1144,"height":177,"caption":"SRS Sim-Racing-Center"},"image":{"@id":"https:\/\/sim-racing-center.de\/#\/schema\/logo\/image\/"},"sameAs":["https:\/\/facebook.de\/simraceshop","https:\/\/www.instagram.com\/simraceshop.de\/","https:\/\/www.youtube.com\/@SimRaceShop"]}]}},"_links":{"self":[{"href":"https:\/\/sim-racing-center.de\/index.php\/wp-json\/wp\/v2\/pages\/386","targetHints":{"allow":["GET"]}}],"collection":[{"href":"https:\/\/sim-racing-center.de\/index.php\/wp-json\/wp\/v2\/pages"}],"about":[{"href":"https:\/\/sim-racing-center.de\/index.php\/wp-json\/wp\/v2\/types\/page"}],"author":[{"embeddable":true,"href":"https:\/\/sim-racing-center.de\/index.php\/wp-json\/wp\/v2\/users\/2"}],"replies":[{"embeddable":true,"href":"https:\/\/sim-racing-center.de\/index.php\/wp-json\/wp\/v2\/comments?post=386"}],"version-history":[{"count":10,"href":"https:\/\/sim-racing-center.de\/index.php\/wp-json\/wp\/v2\/pages\/386\/revisions"}],"predecessor-version":[{"id":762,"href":"https:\/\/sim-racing-center.de\/index.php\/wp-json\/wp\/v2\/pages\/386\/revisions\/762"}],"wp:attachment":[{"href":"https:\/\/sim-racing-center.de\/index.php\/wp-json\/wp\/v2\/media?parent=386"}],"curies":[{"name":"wp","href":"https:\/\/api.w.org\/{rel}","templated":true}]}}