{"id":384,"date":"2025-06-18T21:13:41","date_gmt":"2025-06-18T21:13:41","guid":{"rendered":"https:\/\/sim-racing-center.de\/?page_id=384"},"modified":"2025-07-19T22:53:09","modified_gmt":"2025-07-19T20:53:09","slug":"firmenevent","status":"publish","type":"page","link":"https:\/\/sim-racing-center.de\/index.php\/firmenevent\/","title":{"rendered":"Firmenevent"},"content":{"rendered":"<!--[overlay]--><style>\n.bd-textureoverlay-1654230346:before{background-color:#000000;opacity:0.5;}<\/style><!--{content}-->    <!--[section]-->\n\t\t<style>\n.bd-section-1278375049{background-color:#333333;position:relative;background-size:cover;background-repeat:no-repeat;background-image:url(https:\/\/sim-racing-center.de\/wp-content\/uploads\/2025\/06\/96f4a1776dad84c0c55a13c5294e5818_IMG_4038.jpeg);background-attachment:fixed;background-position:center bottom;padding-top:386px;padding-bottom:386px;}\n.bd-section-1278375049{\n\tline-height:  24px;\n\tcolor:  #ffffff;\n\tfont-size:  16px;\n\tfont-weight:  400;\n\ttext-align:  center;\n}\n.bd-section-1278375049 h1{\n\tline-height:  55.2px;\n\ttext-transform:  uppercase;\n\tfont-size:  48px;\n\tfont-weight:  600;\n}\n\n@media (max-width: 767px) {.bd-section-1278375049 h1{\n\tline-height:  42.85714287px;\n\tfont-size:  30px;\n}\n}<\/style>\t\t<section id=section4 class=\" bd-section-1278375049 bd-tagstyles bd-textureoverlay  bd-textureoverlay-1654230346 \" data-section-title=\"row with background image\">\n\t\t\t<div class=\"bd-container-inner bd-margins clearfix\">\n\t\t\t\t<!--{content}-->\n\t\t\t\t\t<!--[fluid]--><!--{content}--><!--[layoutbox]--><style>\n.additional-class-815376377{width:50%;margin-left:auto;margin-right:auto;}\n@media (max-width: 1199px) {.additional-class-815376377{width:75%;}}\n@media (max-width: 991px) {.additional-class-815376377{width:90%;}}<\/style><div class=\"clearfix  additional-class-815376377 bd-page-width  bd-no-margins bd-no-margins\"><div class=\"bd-container-inner\"><!--{content}-->    <!--[text]-->\n                <h1 class=\" additional-class-956333343  bd-content-element\">\n            <!--{content}-->\n                FIRMENEVENT            <!--{\/content}-->\n        <\/h1>\n    <!--[\/text]-->\n<!--{\/content}--><\/div><\/div><!--[\/layoutbox]--><!--{\/content}--><!--[\/fluid]-->\t\t\t\t<!--{\/content}-->\n\t\t\t<\/div>\n\t\t<\/section>\n\t<!--[\/section]-->\n<!--{\/content}--><!--[\/overlay]-->\n    <!--[section]-->\n\t\t<style>\n.bd-section-404511223{background-color:#ffffff;height:1080px;}<\/style>\t\t<section id=section38 class=\" bd-section-404511223  bd-tagstyles\" data-section-title=\"Section\">\n\t\t\t<div class=\"bd-container-inner bd-margins clearfix\">\n\t\t\t\t<!--{content}-->\n\t\t\t\t\t<!--[layoutbox]--><style>\n.additional-class-473657214{background-color:#ffffff;}<\/style><div class=\"clearfix  additional-class-473657214  bd-no-margins\"><div class=\"bd-container-inner\"><!--{content}-->    <!--[text]-->\n        <style>\nh1.additional-class-878726579{\n\ttext-align:  center;\n\tfont-weight:  bold;\n\tcolor:  #000000;\n}\n<\/style>        <h1 class=\" additional-class-878726579  bd-content-element\">\n            <!--{content}-->\n                TEAM ST\u00c4RKUNG MIT SPASS UND EHRGEIZ            <!--{\/content}-->\n        <\/h1>\n    <!--[\/text]-->\n\n\t\n\t\t\n    <!--[spacer]-->\n    <style>\n.bd-spacer-1165895781{height:100px;}<\/style>    <div class=\" bd-spacer-1165895781  clearfix\">\n        <!--{content}--><!--{\/content}-->\n    <\/div>\n    <!--[\/spacer]-->\n\n    \n\t\n\t\t    <!--[columns]-->\n        <style>\n.bd-layoutcontainer-2101240412  > .bd-container-inner > .container-fluid:after{display:none;}<\/style><style>.bd-layoutcontainer-2101240412 > .bd-container-inner > .container-fluid {padding-left: 0; padding-right: 0;}<\/style>        <style>\n.bd-layoutcolumn-694515362{\n\ttext-align:  left;\n}\n\n\n.bd-layoutcolumn-1788692975{\n\ttext-align:  center;\n}\n<\/style>        <div class=\" bd-layoutcontainer-2101240412  bd-columns bd-no-margins\">\n            <div class=\"bd-container-inner\">\n                <div class=\"container-fluid\">\n                    <div class=\"row\">\n                        <!--{content}-->\n                                <!--[column]-->\n        <div class=\"col-sm-6 bd-columnwrapper-694515362\">\n            <div class=\"bd-column  bd-layoutcolumn-694515362 \">\n                <div class=\"bd-vertical-align-wrapper\">\n                    <!--{content}-->\n                            <!--[text]-->\n                <h2 class=\" additional-class-710717355  bd-content-element\">\n            <!--{content}-->\n                EIN FIRMENEVENT DER BESONDEREN ART            <!--{\/content}-->\n        <\/h2>\n    <!--[\/text]-->\n\n\t\n\t\t    <!--[text]-->\n                <p class=\" additional-class-1588532017  bd-content-element\">\n            <!--{content}-->\n                St\u00e4rke den Teamgeist und das Miteinander deiner MitarbeiterInnen mit einem Firmenevent der besonderen Art. Motorsport fasziniert viele Menschen, Motorsport verbindet.<br><br>Nutze unser Angebot eines Firmenevents und biete deinen MitarbeiterInnen eine interaktive Art, sich virtuell aber sportlich in einem Rennen zu duellieren.&nbsp;            <!--{\/content}-->\n        <\/p>\n    <!--[\/text]-->\n                    <!--{\/content}-->\n                <\/div>\n            <\/div>\n        <\/div>\n    <!--[\/column]-->\n\n\t\n\t\t    <!--[column]-->\n        <div class=\"col-sm-6 bd-columnwrapper-1788692975\">\n            <div class=\"bd-column  bd-layoutcolumn-1788692975 \">\n                <div class=\"bd-vertical-align-wrapper\">\n                    <!--{content}-->\n                        <!--[image]--><style>\n.additional-class-44709673{width:420px;height:315px;}<\/style><img decoding=\"async\" src=\"https:\/\/sim-racing-center.de\/wp-content\/uploads\/2025\/06\/e78c8a172aac48a66990d8cdac9b00f9_rennwelten_x_srs_202405.jpg\" class=\" additional-class-44709673   bd-imagestyles bd-own-margins\"><!--{content}--><!--{\/content}--><!--[\/image]-->                    <!--{\/content}-->\n                <\/div>\n            <\/div>\n        <\/div>\n    <!--[\/column]-->\n                        <!--{\/content}-->\n                    <\/div>\n                <\/div>\n            <\/div>\n        <\/div>\n    <!--[\/columns]-->\n\n\t\n\t\t    <!--[text]-->\n        <style>\nh2.additional-class-834039220{\n\ttext-align:  center;\n}\n<\/style>        <h2 class=\" additional-class-834039220  bd-content-element\">\n            <!--{content}-->\n                TEAMBUILDING            <!--{\/content}-->\n        <\/h2>\n    <!--[\/text]-->\n\n\t\n\t\t    <!--[text]-->\n                <p class=\" additional-class-876176251  bd-content-element\">\n            <!--{content}-->\n                Unser Sim-Racing Center bietet die perfekte Plattform f\u00fcr Teambuilding, bei dem Kooperation und Kommunikation im Vordergrund stehen. Gemeinsam im virtuellen Rennen f\u00f6rdert es den Zusammenhalt und st\u00e4rkt den Teamgeist auf eine spielerische Weise.<br><br><br>Hier kommen Kolleginnen und Kollegen in entspannter Atmosph\u00e4re zusammen, um gemeinsam Spa\u00df zu haben und gleichzeitig Herausforderungen zu meistern. Das f\u00f6rdert das Miteinander und sorgt f\u00fcr eine positive und motivierende Stimmung.<br><br><br>Ob Wettkampf oder gemeinsames Erlebnis \u2013 das Sim-Racing Center schafft ein unvergessliches Erlebnis, das Teamgeist f\u00f6rdert und den Zusammenhalt im Unternehmen nachhaltig st\u00e4rkt. Ein innovatives Event, das alle begeistern wird!            <!--{\/content}-->\n        <\/p>\n    <!--[\/text]-->\n\n\t\n\t\t    <!--[text]-->\n        <style>\nh2.additional-class-731077944{\n\ttext-align:  center;\n}\n<\/style>        <h2 class=\" additional-class-731077944  bd-content-element\">\n            <!--{content}-->\n                PLANE JETZT DEIN FIRMENEVENT MIT UNS            <!--{\/content}-->\n        <\/h2>\n    <!--[\/text]-->\n<!--{\/content}--><\/div><\/div><!--[\/layoutbox]-->\t\t\t\t<!--{\/content}-->\n\t\t\t<\/div>\n\t\t<\/section>\n\t<!--[\/section]-->\n\n    <!--[section]-->\n\t\t<style>\n.bd-section-2045725344{\n\tline-height:  28px;\n\tcolor:  #000000;\n}\n.bd-section-2045725344 h6{\n\tline-height:  49px;\n\tfont-size:  49px;\n\tmargin-top:  0;\n\tmargin-bottom:  0;\n\tfont-weight:  800;\n\tcolor:  #d9534f;\n\tletter-spacing:  -2px;\n}\n.bd-section-2045725344 h3{\n\tline-height:  24px;\n\tcolor:  #ffffff;\n\tfont-size:  16px;\n\tfont-weight:  600;\n\tletter-spacing:  1px;\n\ttext-transform:  uppercase;\n}\n.bd-section-2045725344 h2{\n\tline-height:  37.2px;\n\tcolor:  #cccccc;\n\tfont-size:  31px;\n\ttext-transform:  uppercase;\n\tfont-weight:  800;\n\tletter-spacing:  2px;\n}\n.bd-section-2045725344 h1{\n\tline-height:  49px;\n\tcolor:  #000000;\n\tfont-size:  49px;\n\ttext-transform:  uppercase;\n\tfont-weight:  800;\n\tletter-spacing:  -2px;\n}\n\n@media (max-width: 1199px) {.bd-section-2045725344 h2{\n\tline-height:  35.65px;\n\tfont-size:  31px;\n}\n}\n@media (max-width: 767px) {.bd-section-2045725344 h6{\n\tline-height:  37px;\n\tfont-size:  37px;\n}\n.bd-section-2045725344 h2{\n\tline-height:  30.00000001px;\n\tfont-size:  21px;\n}\n.bd-section-2045725344 h1{\n\tline-height:  37px;\n\tfont-size:  37px;\n}\n}<\/style>\t\t<section id=section4 class=\" bd-section-2045725344  bd-tagstyles\" data-section-title=\"Architecture Two Columns Left Red\">\n\t\t\t<div class=\"bd-container-inner bd-margins clearfix\">\n\t\t\t\t<!--{content}-->\n\t\t\t\t\t    <!--[columns]-->\n        <style>\n@media (max-width: 991px) {.bd-layoutcontainer-184355129{height:auto;}}<\/style><style>\n.bd-layoutcontainer-184355129 > .bd-container-inner > .container-fluid > .row{height:100%;margin:0px;}\n.bd-layoutcontainer-184355129 > .bd-container-inner > .container-fluid > .row > div{padding:0px;}\n.bd-layoutcontainer-184355129  > .bd-container-inner > .container-fluid:after{display:none;}<\/style><style>\n.bd-layoutcontainer-184355129 > .bd-container-inner > .container-fluid, .bd-layoutcontainer-184355129 > .bd-container-inner > .container-fluid > .row{height:100%;}<\/style><style>.bd-layoutcontainer-184355129 > .bd-container-inner > .container-fluid {padding-left: 0; padding-right: 0;}<\/style>        <style>\n.bd-layoutcolumn-136705300{position:relative;overflow:hidden;background-color:#d9534f;padding:15%;}\n.bd-layoutcolumn-136705300{\n\ttext-align:  right;\n}\n\n@media (max-width: 991px) {.bd-layoutcolumn-136705300{\n\ttext-align:  left;\n}\n}\n\n.bd-layoutcolumn-120605760{padding:15%;}\n@media (max-width: 767px) {.bd-layoutcolumn-120605760{padding-left:10%;padding-right:10%;}}<\/style>        <div class=\" bd-layoutcontainer-184355129  bd-columns bd-no-margins\">\n            <div class=\"bd-container-inner\">\n                <div class=\"container-fluid\">\n                    <div class=\"row bd-row-flex bd-row-align-middle\">\n                        <!--{content}-->\n                                <!--[column]-->\n        <div class=\"col-md-6 bd-columnwrapper-136705300\">\n            <div class=\"bd-column  bd-layoutcolumn-136705300 \">\n                <div class=\"bd-vertical-align-wrapper\">\n                    <!--{content}-->\n                            <!--[text]-->\n        <style>\n.additional-class-890039956{padding-bottom:1em;border-bottom:1px dotted rgba(0, 0, 0, 0.5);}\n@media (max-width: 767px) {.additional-class-890039956{margin-top:2em;margin-bottom:2em;}}<\/style>        <h3 class=\" additional-class-890039956  bd-content-element\">\n            <!--{content}-->\n                MACHE DEIN FIRMENEVENT ZU WAS GANZ BESONDEREM            <!--{\/content}-->\n        <\/h3>\n    <!--[\/text]-->\n\n\t\n\t\t<!--[image]--><style>\n.additional-class-1507351892{width:800px;}<\/style><img decoding=\"async\" src=\"https:\/\/sim-racing-center.de\/wp-content\/uploads\/2025\/07\/0806f8173461710df01677e774652ff2_IMG_6253.jpeg\" class=\" additional-class-1507351892   bd-imagestyles bd-own-margins\"><!--{content}--><!--{\/content}--><!--[\/image]-->                    <!--{\/content}-->\n                <\/div>\n            <\/div>\n        <\/div>\n    <!--[\/column]-->\n\n\t\n\t\t    <!--[column]-->\n        <div class=\"col-md-6 bd-columnwrapper-120605760\">\n            <div class=\"bd-column  bd-layoutcolumn-120605760 \">\n                <div class=\"bd-vertical-align-wrapper\">\n                    <!--{content}-->\n                            <!--[text]-->\n        <style>\n.additional-class-1711713538{display:inline-block;margin-right:0.2em;}<\/style>        <h6 class=\" additional-class-1711713538  bd-no-margins bd-content-element\">\n            <!--{content}-->\n                Kontakt            <!--{\/content}-->\n        <\/h6>\n    <!--[\/text]-->\n\n\t\n\t\t<!--[html]--><style><\/style><div class=\"bd-tagstyles  additional-class-1804681962 \"><div class=\"bd-container-inner bd-content-element\"><!--{content}--><div class=\"wpforms-container wpforms-container-full wpforms-render-modern\" id=\"wpforms-234\"><form id=\"wpforms-form-234\" class=\"wpforms-validate wpforms-form wpforms-ajax-form\" data-formid=\"234\" method=\"post\" enctype=\"multipart\/form-data\" action=\"\/index.php\/wp-json\/wp\/v2\/pages\/384\" data-token=\"705377328e9b00ff100e15816a8a333b\" data-token-time=\"1778345546\"><noscript class=\"wpforms-error-noscript\">Bitte aktiviere JavaScript in deinem Browser, um dieses Formular fertigzustellen.<\/noscript><div id=\"wpforms-error-noscript\" style=\"display: none;\">Bitte aktiviere JavaScript in deinem Browser, um dieses Formular fertigzustellen.<\/div><div class=\"wpforms-field-container\"><div id=\"wpforms-234-field_0-container\" class=\"wpforms-field wpforms-field-name\" data-field-id=\"0\"><fieldset><legend class=\"wpforms-field-label\">Name <span class=\"wpforms-required-label\" aria-hidden=\"true\">*<\/span><\/legend><div class=\"wpforms-field-row wpforms-field-medium\"><div class=\"wpforms-field-row-block wpforms-first wpforms-one-half\"><input type=\"text\" id=\"wpforms-234-field_0\" class=\"wpforms-field-name-first wpforms-field-required\" name=\"wpforms[fields][0][first]\" aria-errormessage=\"wpforms-234-field_0-error\" required><label for=\"wpforms-234-field_0\" class=\"wpforms-field-sublabel after\">Vorname<\/label><\/div><div class=\"wpforms-field-row-block wpforms-one-half\"><input type=\"text\" id=\"wpforms-234-field_0-last\" class=\"wpforms-field-name-last wpforms-field-required\" name=\"wpforms[fields][0][last]\" aria-errormessage=\"wpforms-234-field_0-last-error\" required><label for=\"wpforms-234-field_0-last\" class=\"wpforms-field-sublabel after\">Nachname<\/label><\/div><\/div><\/fieldset><\/div><div id=\"wpforms-234-field_1-container\" class=\"wpforms-field wpforms-field-email\" data-field-id=\"1\"><label class=\"wpforms-field-label\" for=\"wpforms-234-field_1\">E-Mail <span class=\"wpforms-required-label\" aria-hidden=\"true\">*<\/span><\/label><input type=\"email\" id=\"wpforms-234-field_1\" class=\"wpforms-field-medium wpforms-field-required\" name=\"wpforms[fields][1]\" spellcheck=\"false\" aria-errormessage=\"wpforms-234-field_1-error\" required><\/div><div id=\"wpforms-234-field_2-container\" class=\"wpforms-field wpforms-field-textarea\" data-field-id=\"2\"><label class=\"wpforms-field-label\" for=\"wpforms-234-field_2\">Deine Nachricht an uns<\/label><textarea id=\"wpforms-234-field_2\" class=\"wpforms-field-medium\" name=\"wpforms[fields][2]\" aria-errormessage=\"wpforms-234-field_2-error\" ><\/textarea><\/div><\/div><!-- .wpforms-field-container --><div class=\"wpforms-submit-container\" ><input type=\"hidden\" name=\"wpforms[id]\" value=\"234\"><input type=\"hidden\" name=\"page_title\" value=\"\"><input type=\"hidden\" name=\"page_url\" value=\"https:\/\/sim-racing-center.de\/index.php\/wp-json\/wp\/v2\/pages\/384\"><input type=\"hidden\" name=\"url_referer\" value=\"\"><button type=\"submit\" name=\"wpforms[submit]\" id=\"wpforms-submit-234\" class=\"wpforms-submit\" data-alt-text=\"Senden\u2026\" data-submit-text=\"Absenden\" aria-live=\"assertive\" value=\"wpforms-submit\">Absenden<\/button><img decoding=\"async\" src=\"https:\/\/sim-racing-center.de\/wp-content\/plugins\/wpforms-lite\/assets\/images\/submit-spin.svg\" class=\"wpforms-submit-spinner\" style=\"display: none;\" width=\"26\" height=\"26\" alt=\"Wird geladen\"><\/div><\/form><\/div>  <!-- .wpforms-container --><!--{\/content}--><\/div><\/div><!--[\/html]-->                    <!--{\/content}-->\n                <\/div>\n            <\/div>\n        <\/div>\n    <!--[\/column]-->\n                        <!--{\/content}-->\n                    <\/div>\n                <\/div>\n            <\/div>\n        <\/div>\n    <!--[\/columns]-->\n\t\t\t\t<!--{\/content}-->\n\t\t\t<\/div>\n\t\t<\/section>\n\t<!--[\/section]-->\n\n\n    <!--[spacer]-->\n    <style>\n.bd-spacer-267563119{height:100px;}<\/style>    <div class=\" bd-spacer-267563119  clearfix\">\n        <!--{content}--><!--{\/content}-->\n    <\/div>\n    <!--[\/spacer]-->\n\n    \n","protected":false},"excerpt":{"rendered":"","protected":false},"author":2,"featured_media":0,"parent":0,"menu_order":0,"comment_status":"closed","ping_status":"closed","template":"","meta":{"footnotes":""},"class_list":["post-384","page","type-page","status-publish","hentry"],"yoast_head":"<!-- This site is optimized with the Yoast SEO plugin v25.5 - https:\/\/yoast.com\/wordpress\/plugins\/seo\/ -->\n<title>Firmenevent - SRS Sim-Racing-Center<\/title>\n<meta name=\"robots\" content=\"index, follow, max-snippet:-1, max-image-preview:large, max-video-preview:-1\" \/>\n<link rel=\"canonical\" href=\"https:\/\/sim-racing-center.de\/index.php\/firmenevent\/\" \/>\n<meta property=\"og:locale\" content=\"de_DE\" \/>\n<meta property=\"og:type\" content=\"article\" \/>\n<meta property=\"og:title\" content=\"Firmenevent - SRS Sim-Racing-Center\" \/>\n<meta property=\"og:url\" content=\"https:\/\/sim-racing-center.de\/index.php\/firmenevent\/\" \/>\n<meta property=\"og:site_name\" content=\"SRS Sim-Racing-Center\" \/>\n<meta property=\"article:publisher\" content=\"https:\/\/facebook.de\/simraceshop\" \/>\n<meta property=\"article:modified_time\" content=\"2025-07-19T20:53:09+00:00\" \/>\n<meta name=\"twitter:card\" content=\"summary_large_image\" \/>\n<meta name=\"twitter:label1\" content=\"Gesch\u00e4tzte Lesezeit\" \/>\n\t<meta name=\"twitter:data1\" content=\"3\u00a0Minuten\" \/>\n<script type=\"application\/ld+json\" class=\"yoast-schema-graph\">{\"@context\":\"https:\/\/schema.org\",\"@graph\":[{\"@type\":\"WebPage\",\"@id\":\"https:\/\/sim-racing-center.de\/index.php\/firmenevent\/\",\"url\":\"https:\/\/sim-racing-center.de\/index.php\/firmenevent\/\",\"name\":\"Firmenevent - SRS Sim-Racing-Center\",\"isPartOf\":{\"@id\":\"https:\/\/sim-racing-center.de\/#website\"},\"datePublished\":\"2025-06-18T21:13:41+00:00\",\"dateModified\":\"2025-07-19T20:53:09+00:00\",\"breadcrumb\":{\"@id\":\"https:\/\/sim-racing-center.de\/index.php\/firmenevent\/#breadcrumb\"},\"inLanguage\":\"de\",\"potentialAction\":[{\"@type\":\"ReadAction\",\"target\":[\"https:\/\/sim-racing-center.de\/index.php\/firmenevent\/\"]}]},{\"@type\":\"BreadcrumbList\",\"@id\":\"https:\/\/sim-racing-center.de\/index.php\/firmenevent\/#breadcrumb\",\"itemListElement\":[{\"@type\":\"ListItem\",\"position\":1,\"name\":\"Startseite\",\"item\":\"https:\/\/sim-racing-center.de\/\"},{\"@type\":\"ListItem\",\"position\":2,\"name\":\"Firmenevent\"}]},{\"@type\":\"WebSite\",\"@id\":\"https:\/\/sim-racing-center.de\/#website\",\"url\":\"https:\/\/sim-racing-center.de\/\",\"name\":\"Sim-Racing-Center Lich Hessen\",\"description\":\"Virtueller Motorsport f\u00fcr jung und alt\",\"publisher\":{\"@id\":\"https:\/\/sim-racing-center.de\/#organization\"},\"potentialAction\":[{\"@type\":\"SearchAction\",\"target\":{\"@type\":\"EntryPoint\",\"urlTemplate\":\"https:\/\/sim-racing-center.de\/?s={search_term_string}\"},\"query-input\":{\"@type\":\"PropertyValueSpecification\",\"valueRequired\":true,\"valueName\":\"search_term_string\"}}],\"inLanguage\":\"de\"},{\"@type\":\"Organization\",\"@id\":\"https:\/\/sim-racing-center.de\/#organization\",\"name\":\"SRS Sim-Racing-Center\",\"url\":\"https:\/\/sim-racing-center.de\/\",\"logo\":{\"@type\":\"ImageObject\",\"inLanguage\":\"de\",\"@id\":\"https:\/\/sim-racing-center.de\/#\/schema\/logo\/image\/\",\"url\":\"https:\/\/sim-racing-center.de\/wp-content\/uploads\/2025\/07\/SIMRACING.png\",\"contentUrl\":\"https:\/\/sim-racing-center.de\/wp-content\/uploads\/2025\/07\/SIMRACING.png\",\"width\":1144,\"height\":177,\"caption\":\"SRS Sim-Racing-Center\"},\"image\":{\"@id\":\"https:\/\/sim-racing-center.de\/#\/schema\/logo\/image\/\"},\"sameAs\":[\"https:\/\/facebook.de\/simraceshop\",\"https:\/\/www.instagram.com\/simraceshop.de\/\",\"https:\/\/www.youtube.com\/@SimRaceShop\"]}]}<\/script>\n<!-- \/ Yoast SEO plugin. -->","yoast_head_json":{"title":"Firmenevent - SRS Sim-Racing-Center","robots":{"index":"index","follow":"follow","max-snippet":"max-snippet:-1","max-image-preview":"max-image-preview:large","max-video-preview":"max-video-preview:-1"},"canonical":"https:\/\/sim-racing-center.de\/index.php\/firmenevent\/","og_locale":"de_DE","og_type":"article","og_title":"Firmenevent - SRS Sim-Racing-Center","og_url":"https:\/\/sim-racing-center.de\/index.php\/firmenevent\/","og_site_name":"SRS Sim-Racing-Center","article_publisher":"https:\/\/facebook.de\/simraceshop","article_modified_time":"2025-07-19T20:53:09+00:00","twitter_card":"summary_large_image","twitter_misc":{"Gesch\u00e4tzte Lesezeit":"3\u00a0Minuten"},"schema":{"@context":"https:\/\/schema.org","@graph":[{"@type":"WebPage","@id":"https:\/\/sim-racing-center.de\/index.php\/firmenevent\/","url":"https:\/\/sim-racing-center.de\/index.php\/firmenevent\/","name":"Firmenevent - SRS Sim-Racing-Center","isPartOf":{"@id":"https:\/\/sim-racing-center.de\/#website"},"datePublished":"2025-06-18T21:13:41+00:00","dateModified":"2025-07-19T20:53:09+00:00","breadcrumb":{"@id":"https:\/\/sim-racing-center.de\/index.php\/firmenevent\/#breadcrumb"},"inLanguage":"de","potentialAction":[{"@type":"ReadAction","target":["https:\/\/sim-racing-center.de\/index.php\/firmenevent\/"]}]},{"@type":"BreadcrumbList","@id":"https:\/\/sim-racing-center.de\/index.php\/firmenevent\/#breadcrumb","itemListElement":[{"@type":"ListItem","position":1,"name":"Startseite","item":"https:\/\/sim-racing-center.de\/"},{"@type":"ListItem","position":2,"name":"Firmenevent"}]},{"@type":"WebSite","@id":"https:\/\/sim-racing-center.de\/#website","url":"https:\/\/sim-racing-center.de\/","name":"Sim-Racing-Center Lich Hessen","description":"Virtueller Motorsport f\u00fcr jung und alt","publisher":{"@id":"https:\/\/sim-racing-center.de\/#organization"},"potentialAction":[{"@type":"SearchAction","target":{"@type":"EntryPoint","urlTemplate":"https:\/\/sim-racing-center.de\/?s={search_term_string}"},"query-input":{"@type":"PropertyValueSpecification","valueRequired":true,"valueName":"search_term_string"}}],"inLanguage":"de"},{"@type":"Organization","@id":"https:\/\/sim-racing-center.de\/#organization","name":"SRS Sim-Racing-Center","url":"https:\/\/sim-racing-center.de\/","logo":{"@type":"ImageObject","inLanguage":"de","@id":"https:\/\/sim-racing-center.de\/#\/schema\/logo\/image\/","url":"https:\/\/sim-racing-center.de\/wp-content\/uploads\/2025\/07\/SIMRACING.png","contentUrl":"https:\/\/sim-racing-center.de\/wp-content\/uploads\/2025\/07\/SIMRACING.png","width":1144,"height":177,"caption":"SRS Sim-Racing-Center"},"image":{"@id":"https:\/\/sim-racing-center.de\/#\/schema\/logo\/image\/"},"sameAs":["https:\/\/facebook.de\/simraceshop","https:\/\/www.instagram.com\/simraceshop.de\/","https:\/\/www.youtube.com\/@SimRaceShop"]}]}},"_links":{"self":[{"href":"https:\/\/sim-racing-center.de\/index.php\/wp-json\/wp\/v2\/pages\/384","targetHints":{"allow":["GET"]}}],"collection":[{"href":"https:\/\/sim-racing-center.de\/index.php\/wp-json\/wp\/v2\/pages"}],"about":[{"href":"https:\/\/sim-racing-center.de\/index.php\/wp-json\/wp\/v2\/types\/page"}],"author":[{"embeddable":true,"href":"https:\/\/sim-racing-center.de\/index.php\/wp-json\/wp\/v2\/users\/2"}],"replies":[{"embeddable":true,"href":"https:\/\/sim-racing-center.de\/index.php\/wp-json\/wp\/v2\/comments?post=384"}],"version-history":[{"count":13,"href":"https:\/\/sim-racing-center.de\/index.php\/wp-json\/wp\/v2\/pages\/384\/revisions"}],"predecessor-version":[{"id":760,"href":"https:\/\/sim-racing-center.de\/index.php\/wp-json\/wp\/v2\/pages\/384\/revisions\/760"}],"wp:attachment":[{"href":"https:\/\/sim-racing-center.de\/index.php\/wp-json\/wp\/v2\/media?parent=384"}],"curies":[{"name":"wp","href":"https:\/\/api.w.org\/{rel}","templated":true}]}}