{"id":175,"date":"2023-08-23T20:23:10","date_gmt":"2023-08-23T20:23:10","guid":{"rendered":"https:\/\/sim-racing-center.de\/?page_id=175"},"modified":"2023-08-23T21:27:18","modified_gmt":"2023-08-23T21:27:18","slug":"race","status":"publish","type":"page","link":"https:\/\/sim-racing-center.de\/index.php\/race\/","title":{"rendered":"Race"},"content":{"rendered":"<!--[overlay]--><style>\n.bd-textureoverlay-1843438158:before{background-color:#000000;opacity:0.25;}<\/style><!--{content}-->    <!--[section]-->\n\t\t<style>\n.bd-section-1913791924{background-position:center center;background-attachment:scroll;background-repeat:no-repeat;background-image:url(https:\/\/sim-racing-center.de\/wp-content\/uploads\/2023\/08\/5d68be07eefa7ae30ea579556635addb_rcn2022.png);position:relative;background-size:cover;padding:12em 0px;}\n@media (max-width: 991px) {.bd-section-1913791924{padding-bottom:8em;padding-top:8em;}}\n.bd-section-1913791924{\n\tline-height:  30.00000001px;\n\tcolor:  #ffffff;\n\tfont-size:  21px;\n\ttext-align:  center;\n}\n.bd-section-1913791924 h3{\n\ttext-transform:  none;\n}\n.bd-section-1913791924 h2{\n\tline-height:  36px;\n\tfont-weight:  200;\n\tfont-size:  36px;\n\tcolor:  #ffffff;\n\ttext-transform:  uppercase;\n}\n.bd-section-1913791924 h1{\n\tline-height:  90px;\n\tfont-size:  90px;\n\tfont-weight:  700;\n\ttext-transform:  uppercase;\n}\n\n@media (max-width: 991px) {.bd-section-1913791924 h2{\n\tline-height:  43px;\n\tmargin-top:  0px;\n\tfont-size:  43px;\n\tcolor:  #ffffff;\n}\n.bd-section-1913791924 h1{\n\tline-height:  80px;\n\tfont-size:  80px;\n}\n}\n@media (max-width: 767px) {.bd-section-1913791924 h2{\n\tline-height:  42.85714287px;\n\tfont-size:  30px;\n\tmargin-bottom:  0px;\n}\n.bd-section-1913791924 h1{\n\tline-height:  57.14285716px;\n\tfont-size:  40px;\n}\n}<\/style>\t\t<section id=section5 class=\" bd-section-1913791924 bd-tagstyles bd-textureoverlay  bd-textureoverlay-1843438158 \" data-section-title=\"Text Block Left on Image\">\n\t\t\t<div class=\"bd-container-inner bd-margins clearfix\">\n\t\t\t\t<!--{content}-->\n\t\t\t\t\t    <!--[text]-->\n                <h2 class=\" additional-class-314379477  bd-content-element\">\n            <!--{content}-->\n                Race            <!--{\/content}-->\n        <\/h2>\n    <!--[\/text]-->\n\n\t\n\t\t    <!--[text]-->\n        <style>\n.additional-class-1330361817{margin:0px;}<\/style>        <h1 class=\" additional-class-1330361817  bd-no-margins bd-content-element\">\n            <!--{content}-->\n                Faszination Motorsport            <!--{\/content}-->\n        <\/h1>\n    <!--[\/text]-->\n\n\t\n\t\t    <!--[text]-->\n                <h2 class=\" additional-class-1295844946  bd-content-element\">\n            <!--{content}-->\n                simracing ist motorsport<br>erlebe es selbst            <!--{\/content}-->\n        <\/h2>\n    <!--[\/text]-->\n\t\t\t\t<!--{\/content}-->\n\t\t\t<\/div>\n\t\t<\/section>\n\t<!--[\/section]-->\n<!--{\/content}--><!--[\/overlay]-->\n    <!--[section]-->\n\t\t<style>\n.bd-section-926717096{padding-top:2em;padding-bottom:2em;margin-top:61px;margin-bottom:68px;}\n.bd-section-926717096{\n\tcolor:  #ffffff;\n}\n.bd-section-926717096 h4{\n\tcolor:  #33add6;\n\ttext-transform:  uppercase;\n\tfont-weight:  600;\n\tmargin-bottom:  1em;\n}\n<\/style>\t\t<section id=section4 class=\" bd-section-926717096  bd-tagstyles\" data-section-title=\"Three Columns\">\n\t\t\t<div class=\"bd-container-inner bd-margins clearfix\">\n\t\t\t\t<!--{content}-->\n\t\t\t\t\t    <!--[columns]-->\n        <style>\n.bd-layoutcontainer-1811321985  > .bd-container-inner > .container-fluid:after{display:none;}<\/style><style>\n.bd-layoutcontainer-1811321985 > .bd-container-inner > .container-fluid, .bd-layoutcontainer-1811321985 > .bd-container-inner > .container-fluid > .row{height:100%;}<\/style><style>.bd-layoutcontainer-1811321985 > .bd-container-inner > .container-fluid {padding-left: 0; padding-right: 0;}<\/style>        <style>\n.bd-layoutcolumn-1714084220{padding:1em;}\n\n.bd-layoutcolumn-2033678960{padding:1em;}\n\n.bd-layoutcolumn-78845987{padding:1em;}<\/style>        <div class=\" bd-layoutcontainer-1811321985  bd-columns bd-no-margins\">\n            <div class=\"bd-container-inner\">\n                <div class=\"container-fluid\">\n                    <div class=\"row bd-row-flex bd-row-align-middle\">\n                        <!--{content}-->\n                                <!--[column]-->\n        <div class=\"col-md-4 col-sm-6 bd-columnwrapper-1714084220\">\n            <div class=\"bd-column  bd-layoutcolumn-1714084220 \">\n                <div class=\"bd-vertical-align-wrapper\">\n                    <!--{content}-->\n                            <!--[text_group]-->\n        <style>\n.image_additional-class-890464175{width:57px;}<\/style>        <div class=\" additional-class-890464175  bd-block-12\">\n            <div class=\"bd-container-inner\">\n                <div class=\"media\">\n                    <img decoding=\"async\" src=\"https:\/\/sim-racing-center.de\/wp-content\/uploads\/2023\/08\/1204094_bd_media_id_d31d77eb9a56cf21b94b7d5ff8536581.png\" class=\" image_additional-class-890464175  pull-left media-object bd-media-xs bd-imagestyles bd-own-margins\">                    <div class=\"media-body\">\n                                                    <h4 class=\"media-heading bd-blockheader bd-tagstyles bd-content-element\">Rennen gegen KI<\/h4>\n                                                                        <div class=\"bd-blockcontent bd-tagstyles bd-content-element\">\n                            <!--{content}-->\n                                Bereite dich auf deine ersten Rennen im SimRacing vor und fahre gegen computergesteuerte Gegner. Du kannst zwischen verschiedenen Fahrzeugklassen und Rennstrecken ausw\u00e4hlen.&nbsp;<br>Unsere Empfehlung - Buchung eines Simulators f\u00fcr eine Stunde inkl. Training, Qualifikation und Rennen gegen KI.                            <!--{\/content}-->\n                        <\/div>\n                    <\/div>\n                                    <\/div>\n            <\/div>\n        <\/div>\n    <!--[\/text_group]-->\n                    <!--{\/content}-->\n                <\/div>\n            <\/div>\n        <\/div>\n    <!--[\/column]-->\n\n\t\n\t\t    <!--[column]-->\n        <div class=\"col-md-4 col-sm-6 bd-columnwrapper-2033678960\">\n            <div class=\"bd-column  bd-layoutcolumn-2033678960 \">\n                <div class=\"bd-vertical-align-wrapper\">\n                    <!--{content}-->\n                            <!--[text_group]-->\n        <style>\n.image_additional-class-550140883{width:57px;}<\/style>        <div class=\" additional-class-550140883  bd-block-14\">\n            <div class=\"bd-container-inner\">\n                <div class=\"media\">\n                    <img decoding=\"async\" src=\"https:\/\/sim-racing-center.de\/wp-content\/uploads\/2023\/08\/a8e409ffe89bc7b42c1016296af55907_billionphotos2471553Copy.svg\" class=\" image_additional-class-550140883  pull-left media-object bd-media-xs bd-imagestyles bd-own-margins\">                    <div class=\"media-body\">\n                                                    <h4 class=\"media-heading bd-blockheader bd-tagstyles bd-content-element\">Gegeneinander fahren<\/h4>\n                                                                        <div class=\"bd-blockcontent bd-tagstyles bd-content-element\">\n                            <!--{content}-->\n                                Es liegt nat\u00fcrlich auf der Hand, der gr\u00f6\u00dfte Spa\u00df ist nat\u00fcrlich ein Rennen gegeneinander zu fahren. Bis zu 5 Personen k\u00f6nnen gleichzeitig auf unseren Simulatoren gegeneinander antreten. Aber auch Head2Head also mit 2 Fahrern, kommt eine menge Freude auf.                            <!--{\/content}-->\n                        <\/div>\n                    <\/div>\n                                    <\/div>\n            <\/div>\n        <\/div>\n    <!--[\/text_group]-->\n                    <!--{\/content}-->\n                <\/div>\n            <\/div>\n        <\/div>\n    <!--[\/column]-->\n\n\t\n\t\t    <!--[column]-->\n        <div class=\"col-md-4 col-sm-6 bd-columnwrapper-78845987\">\n            <div class=\"bd-column  bd-layoutcolumn-78845987 \">\n                <div class=\"bd-vertical-align-wrapper\">\n                    <!--{content}-->\n                            <!--[text_group]-->\n        <style>\n.image_additional-class-559289462{width:57px;}<\/style>        <div class=\" additional-class-559289462  bd-block-15\">\n            <div class=\"bd-container-inner\">\n                <div class=\"media\">\n                    <img decoding=\"async\" src=\"https:\/\/sim-racing-center.de\/wp-content\/uploads\/2023\/08\/e4c3408ffe4eefce3445b490c50d1507_billionphotos2459706.svg\" class=\" image_additional-class-559289462  pull-left media-object bd-media-xs bd-imagestyles bd-own-margins\">                    <div class=\"media-body\">\n                                                    <h4 class=\"media-heading bd-blockheader bd-tagstyles bd-content-element\">Training<\/h4>\n                                                                        <div class=\"bd-blockcontent bd-tagstyles bd-content-element\">\n                            <!--{content}-->\n                                Vor jedem Rennen muss trainiert werden. Wer glaubt, er k\u00f6nne sich in den Simulator setzen und direkt in ein Rennen einsteigen, liegt leider falsch. Zu jeder Rennsession geh\u00f6rt ein Training, die Dauer w\u00e4hlst du selbst aus.                            <!--{\/content}-->\n                        <\/div>\n                    <\/div>\n                                    <\/div>\n            <\/div>\n        <\/div>\n    <!--[\/text_group]-->\n                    <!--{\/content}-->\n                <\/div>\n            <\/div>\n        <\/div>\n    <!--[\/column]-->\n                        <!--{\/content}-->\n                    <\/div>\n                <\/div>\n            <\/div>\n        <\/div>\n    <!--[\/columns]-->\n\t\t\t\t<!--{\/content}-->\n\t\t\t<\/div>\n\t\t<\/section>\n\t<!--[\/section]-->\n\n    <!--[section]-->\n\t\t<style>\n.bd-section-950467722{background-color:#eaf6fb;margin-bottom:61px;}\n.bd-section-950467722{\n\tline-height:  21px;\n\tcolor:  #333333;\n}\n.bd-section-950467722 h6{\n\tline-height:  20.00000001px;\n\tfont-size:  14px;\n\tfont-weight:  600;\n\tcolor:  #333333;\n}\n.bd-section-950467722 h3{\n\ttext-transform:  uppercase;\n\tfont-weight:  600;\n\tmargin-bottom:  1em;\n\tcolor:  #333333;\n}\n<\/style>\t\t<section id=section4 class=\" bd-section-950467722  bd-tagstyles\" data-section-title=\"Two Columns Image Left\">\n\t\t\t<div class=\"bd-container-inner bd-margins clearfix\">\n\t\t\t\t<!--{content}-->\n\t\t\t\t\t    <!--[columns]-->\n        <style>\n.bd-layoutcontainer-1637619371{height:50vw;}\n@media (max-width: 991px) {.bd-layoutcontainer-1637619371{height:auto;}}<\/style><style>\n.bd-layoutcontainer-1637619371 > .bd-container-inner > .container-fluid > .row{height:100%;margin:0px;}\n.bd-layoutcontainer-1637619371 > .bd-container-inner > .container-fluid > .row > div{padding:0px;}\n.bd-layoutcontainer-1637619371  > .bd-container-inner > .container-fluid:after{display:none;}<\/style><style>\n.bd-layoutcontainer-1637619371 > .bd-container-inner > .container-fluid, .bd-layoutcontainer-1637619371 > .bd-container-inner > .container-fluid > .row{height:100%;}<\/style><style>.bd-layoutcontainer-1637619371 > .bd-container-inner > .container-fluid {padding-left: 0; padding-right: 0;}<\/style>        <style>\n.bd-layoutcolumn-68465356{position:relative;}\n\n.bd-layoutcolumn-232560571{padding:10%;}<\/style>        <div class=\" bd-layoutcontainer-1637619371  bd-columns bd-no-margins\">\n            <div class=\"bd-container-inner\">\n                <div class=\"container-fluid\">\n                    <div class=\"row bd-row-flex bd-row-align-middle\">\n                        <!--{content}-->\n                                <!--[column]-->\n        <div class=\"col-md-6 bd-columnwrapper-68465356\">\n            <div class=\"bd-column  bd-layoutcolumn-68465356 \">\n                <div class=\"bd-vertical-align-wrapper\">\n                    <!--{content}-->\n                            <!--[image_scaling]-->\n        <style>\n.bd-imagescaling-819093771.bd-imagescaling-img, .bd-imagescaling-819093771 .bd-imagescaling-img{background-position:center center;background-repeat:no-repeat;background-size:cover;}<\/style>        <!--{content}-->\n            <!--[image]--><style>\n.additional-class-633973024{position:absolute;top:0%;left:0%;width:100%;height:100%;}\n@media (max-width: 991px) {.additional-class-633973024{position:relative;}}<\/style><img decoding=\"async\" src=\"https:\/\/sim-racing-center.de\/wp-content\/uploads\/2023\/08\/637ebbea1eebcbe6836ef74410263e03_IMG_4341.jpg\" class=\" additional-class-633973024 bd-imagestyles bd-own-margins bd-imagescaling  bd-imagescaling-819093771 \"><!--{content}--><!--{\/content}--><!--[\/image]-->        <!--{\/content}-->\n    <!--[\/image_scaling]-->\n                    <!--{\/content}-->\n                <\/div>\n            <\/div>\n        <\/div>\n    <!--[\/column]-->\n\n\t\n\t\t    <!--[column]-->\n        <div class=\"col-md-6 bd-columnwrapper-232560571\">\n            <div class=\"bd-column  bd-layoutcolumn-232560571 \">\n                <div class=\"bd-vertical-align-wrapper\">\n                    <!--{content}-->\n                            <!--[text]-->\n                <h3 class=\" additional-class-1427728574  bd-content-element\">\n            <!--{content}-->\n                Virtueller Motorsport            <!--{\/content}-->\n        <\/h3>\n    <!--[\/text]-->\n\n\t\n\t\t\n    <!--[separator]-->\n    <style>\n.bd-separator-2025154671{display:inline-block;}<\/style>        <style>\n.bd-separator-2025154671 .bd-separator-inner:before, .bd-separator-2025154671 .bd-separator-inner:after{height:20px;border-top-width:0px;border-top-style:none;border-right-width:0px;border-left-width:0px;border-left-style:none;margin-bottom:1.5em;border-right-style:none;display:inline-block;border-bottom:2px solid #269ccb;}<\/style>    <style>\n.bd-separator-2025154671 .bd-separator-inner{width:40px;}<\/style>\n    <div class=\" bd-separator-2025154671  bd-separator-center bd-separator-content-center clearfix\">\n        <div class=\"bd-container-inner\">\n            <div class=\"bd-separator-inner\">\n                                <!--{content}--><!--{\/content}-->\n            <\/div>\n        <\/div>\n    <\/div>\n    <!--[\/separator]-->\n\n    \n\t\n\t\t    <!--[text]-->\n        <style>\n.additional-class-1133941747{margin-bottom:1.5em;}<\/style>        <h6 class=\" additional-class-1133941747  bd-content-element\">\n            <!--{content}-->\n                Was ist eigentlich Sim-Racing?            <!--{\/content}-->\n        <\/h6>\n    <!--[\/text]-->\n\n\t\n\t\t    <!--[text]-->\n                <p class=\" additional-class-2060928634  bd-content-element\">\n            <!--{content}-->\n                E-Sport ist in aller Munde und damit auch die digitale Variante des Motorsport -SimRacing. Auch sie erfreut sich immer gr\u00f6\u00dferer Beliebtheit.\n<br>\n<br>Durch die inzwischen immer realit\u00e4tsn\u00e4heren Simulationen wird es erm\u00f6glicht, mit kleinem Budget in die Rolle eines echten Profi-Rennfahrers zu schl\u00fcpfen und virtuell in einem GT3 Boliden oder auch in einem Formel 1 Fahrzeug Platz zu nehmen.\n<br>\n<br>SimRacing ist bereits seit Ende 2018 offiziell durch den Deutschen Motor Sport Bund e.V. (DMSB), den Dachverband f\u00fcr den Motorsport in Deutschland, als Motorsportdisziplin anerkannt.\n<br>\n<br>Viele Rennst\u00e4lle nutzen diese M\u00f6glichkeit, um Testfahrten aller Art durchzuf\u00fchren. Rennfahrer bereiten sich damit auf bevorstehende Rennen vor, lernen fremde Rennstrecken kennen bevor sie diese zum ersten Mal in ihrem Rennwagen unter die R\u00e4der nehmen und andersrum tauschen echte SimRacer den Simulator auch mal gegen das echte Fahrzeugcockpit.\n<br>\n<br>Der virtuelle Motorsport bietet eine Vielzahl an Varianten: Sei es zuhause vor dem Monitor, mit Lenkrad und Pedalerie im Sprintmodus oder im Vereinsheim zusammen mit den Clubkameraden des Motorsportclubs, bis hin zum Langstreckeneinsatz mit Fahrerwechsel in einem professionellen Simulator, der jede (virtuelle) Bodenwelle mittels spezieller Hardware an den SimRacer zur\u00fcckmeldet.<br><br><br>Quelle: <a href=\"https:\/\/adac-simracing-cup.de\/simracing\">ADAC SimRacing-Club<\/a>            <!--{\/content}-->\n        <\/p>\n    <!--[\/text]-->\n                    <!--{\/content}-->\n                <\/div>\n            <\/div>\n        <\/div>\n    <!--[\/column]-->\n                        <!--{\/content}-->\n                    <\/div>\n                <\/div>\n            <\/div>\n        <\/div>\n    <!--[\/columns]-->\n\t\t\t\t<!--{\/content}-->\n\t\t\t<\/div>\n\t\t<\/section>\n\t<!--[\/section]-->\n\n","protected":false},"excerpt":{"rendered":"","protected":false},"author":2,"featured_media":0,"parent":0,"menu_order":0,"comment_status":"closed","ping_status":"closed","template":"","meta":{"footnotes":""},"class_list":["post-175","page","type-page","status-publish","hentry"],"yoast_head":"<!-- This site is optimized with the Yoast SEO plugin v25.5 - https:\/\/yoast.com\/wordpress\/plugins\/seo\/ -->\n<title>Race - SRS Sim-Racing-Center<\/title>\n<meta name=\"robots\" content=\"index, follow, max-snippet:-1, max-image-preview:large, max-video-preview:-1\" \/>\n<link rel=\"canonical\" href=\"https:\/\/sim-racing-center.de\/index.php\/race\/\" \/>\n<meta property=\"og:locale\" content=\"de_DE\" \/>\n<meta property=\"og:type\" content=\"article\" \/>\n<meta property=\"og:title\" content=\"Race - SRS Sim-Racing-Center\" \/>\n<meta property=\"og:url\" content=\"https:\/\/sim-racing-center.de\/index.php\/race\/\" \/>\n<meta property=\"og:site_name\" content=\"SRS Sim-Racing-Center\" \/>\n<meta property=\"article:publisher\" content=\"https:\/\/facebook.de\/simraceshop\" \/>\n<meta property=\"article:modified_time\" content=\"2023-08-23T21:27:18+00:00\" \/>\n<meta name=\"twitter:card\" content=\"summary_large_image\" \/>\n<meta name=\"twitter:label1\" content=\"Gesch\u00e4tzte Lesezeit\" \/>\n\t<meta name=\"twitter:data1\" content=\"4\u00a0Minuten\" \/>\n<script type=\"application\/ld+json\" class=\"yoast-schema-graph\">{\"@context\":\"https:\/\/schema.org\",\"@graph\":[{\"@type\":\"WebPage\",\"@id\":\"https:\/\/sim-racing-center.de\/index.php\/race\/\",\"url\":\"https:\/\/sim-racing-center.de\/index.php\/race\/\",\"name\":\"Race - SRS Sim-Racing-Center\",\"isPartOf\":{\"@id\":\"https:\/\/sim-racing-center.de\/#website\"},\"datePublished\":\"2023-08-23T20:23:10+00:00\",\"dateModified\":\"2023-08-23T21:27:18+00:00\",\"breadcrumb\":{\"@id\":\"https:\/\/sim-racing-center.de\/index.php\/race\/#breadcrumb\"},\"inLanguage\":\"de\",\"potentialAction\":[{\"@type\":\"ReadAction\",\"target\":[\"https:\/\/sim-racing-center.de\/index.php\/race\/\"]}]},{\"@type\":\"BreadcrumbList\",\"@id\":\"https:\/\/sim-racing-center.de\/index.php\/race\/#breadcrumb\",\"itemListElement\":[{\"@type\":\"ListItem\",\"position\":1,\"name\":\"Startseite\",\"item\":\"https:\/\/sim-racing-center.de\/\"},{\"@type\":\"ListItem\",\"position\":2,\"name\":\"Race\"}]},{\"@type\":\"WebSite\",\"@id\":\"https:\/\/sim-racing-center.de\/#website\",\"url\":\"https:\/\/sim-racing-center.de\/\",\"name\":\"Sim-Racing-Center Lich Hessen\",\"description\":\"Virtueller Motorsport f\u00fcr jung und alt\",\"publisher\":{\"@id\":\"https:\/\/sim-racing-center.de\/#organization\"},\"potentialAction\":[{\"@type\":\"SearchAction\",\"target\":{\"@type\":\"EntryPoint\",\"urlTemplate\":\"https:\/\/sim-racing-center.de\/?s={search_term_string}\"},\"query-input\":{\"@type\":\"PropertyValueSpecification\",\"valueRequired\":true,\"valueName\":\"search_term_string\"}}],\"inLanguage\":\"de\"},{\"@type\":\"Organization\",\"@id\":\"https:\/\/sim-racing-center.de\/#organization\",\"name\":\"SRS Sim-Racing-Center\",\"url\":\"https:\/\/sim-racing-center.de\/\",\"logo\":{\"@type\":\"ImageObject\",\"inLanguage\":\"de\",\"@id\":\"https:\/\/sim-racing-center.de\/#\/schema\/logo\/image\/\",\"url\":\"https:\/\/sim-racing-center.de\/wp-content\/uploads\/2025\/07\/SIMRACING.png\",\"contentUrl\":\"https:\/\/sim-racing-center.de\/wp-content\/uploads\/2025\/07\/SIMRACING.png\",\"width\":1144,\"height\":177,\"caption\":\"SRS Sim-Racing-Center\"},\"image\":{\"@id\":\"https:\/\/sim-racing-center.de\/#\/schema\/logo\/image\/\"},\"sameAs\":[\"https:\/\/facebook.de\/simraceshop\",\"https:\/\/www.instagram.com\/simraceshop.de\/\",\"https:\/\/www.youtube.com\/@SimRaceShop\"]}]}<\/script>\n<!-- \/ Yoast SEO plugin. -->","yoast_head_json":{"title":"Race - SRS Sim-Racing-Center","robots":{"index":"index","follow":"follow","max-snippet":"max-snippet:-1","max-image-preview":"max-image-preview:large","max-video-preview":"max-video-preview:-1"},"canonical":"https:\/\/sim-racing-center.de\/index.php\/race\/","og_locale":"de_DE","og_type":"article","og_title":"Race - SRS Sim-Racing-Center","og_url":"https:\/\/sim-racing-center.de\/index.php\/race\/","og_site_name":"SRS Sim-Racing-Center","article_publisher":"https:\/\/facebook.de\/simraceshop","article_modified_time":"2023-08-23T21:27:18+00:00","twitter_card":"summary_large_image","twitter_misc":{"Gesch\u00e4tzte Lesezeit":"4\u00a0Minuten"},"schema":{"@context":"https:\/\/schema.org","@graph":[{"@type":"WebPage","@id":"https:\/\/sim-racing-center.de\/index.php\/race\/","url":"https:\/\/sim-racing-center.de\/index.php\/race\/","name":"Race - SRS Sim-Racing-Center","isPartOf":{"@id":"https:\/\/sim-racing-center.de\/#website"},"datePublished":"2023-08-23T20:23:10+00:00","dateModified":"2023-08-23T21:27:18+00:00","breadcrumb":{"@id":"https:\/\/sim-racing-center.de\/index.php\/race\/#breadcrumb"},"inLanguage":"de","potentialAction":[{"@type":"ReadAction","target":["https:\/\/sim-racing-center.de\/index.php\/race\/"]}]},{"@type":"BreadcrumbList","@id":"https:\/\/sim-racing-center.de\/index.php\/race\/#breadcrumb","itemListElement":[{"@type":"ListItem","position":1,"name":"Startseite","item":"https:\/\/sim-racing-center.de\/"},{"@type":"ListItem","position":2,"name":"Race"}]},{"@type":"WebSite","@id":"https:\/\/sim-racing-center.de\/#website","url":"https:\/\/sim-racing-center.de\/","name":"Sim-Racing-Center Lich Hessen","description":"Virtueller Motorsport f\u00fcr jung und alt","publisher":{"@id":"https:\/\/sim-racing-center.de\/#organization"},"potentialAction":[{"@type":"SearchAction","target":{"@type":"EntryPoint","urlTemplate":"https:\/\/sim-racing-center.de\/?s={search_term_string}"},"query-input":{"@type":"PropertyValueSpecification","valueRequired":true,"valueName":"search_term_string"}}],"inLanguage":"de"},{"@type":"Organization","@id":"https:\/\/sim-racing-center.de\/#organization","name":"SRS Sim-Racing-Center","url":"https:\/\/sim-racing-center.de\/","logo":{"@type":"ImageObject","inLanguage":"de","@id":"https:\/\/sim-racing-center.de\/#\/schema\/logo\/image\/","url":"https:\/\/sim-racing-center.de\/wp-content\/uploads\/2025\/07\/SIMRACING.png","contentUrl":"https:\/\/sim-racing-center.de\/wp-content\/uploads\/2025\/07\/SIMRACING.png","width":1144,"height":177,"caption":"SRS Sim-Racing-Center"},"image":{"@id":"https:\/\/sim-racing-center.de\/#\/schema\/logo\/image\/"},"sameAs":["https:\/\/facebook.de\/simraceshop","https:\/\/www.instagram.com\/simraceshop.de\/","https:\/\/www.youtube.com\/@SimRaceShop"]}]}},"_links":{"self":[{"href":"https:\/\/sim-racing-center.de\/index.php\/wp-json\/wp\/v2\/pages\/175","targetHints":{"allow":["GET"]}}],"collection":[{"href":"https:\/\/sim-racing-center.de\/index.php\/wp-json\/wp\/v2\/pages"}],"about":[{"href":"https:\/\/sim-racing-center.de\/index.php\/wp-json\/wp\/v2\/types\/page"}],"author":[{"embeddable":true,"href":"https:\/\/sim-racing-center.de\/index.php\/wp-json\/wp\/v2\/users\/2"}],"replies":[{"embeddable":true,"href":"https:\/\/sim-racing-center.de\/index.php\/wp-json\/wp\/v2\/comments?post=175"}],"version-history":[{"count":5,"href":"https:\/\/sim-racing-center.de\/index.php\/wp-json\/wp\/v2\/pages\/175\/revisions"}],"predecessor-version":[{"id":233,"href":"https:\/\/sim-racing-center.de\/index.php\/wp-json\/wp\/v2\/pages\/175\/revisions\/233"}],"wp:attachment":[{"href":"https:\/\/sim-racing-center.de\/index.php\/wp-json\/wp\/v2\/media?parent=175"}],"curies":[{"name":"wp","href":"https:\/\/api.w.org\/{rel}","templated":true}]}}